{"id":31,"date":"2023-03-17T12:45:09","date_gmt":"2023-03-17T12:45:09","guid":{"rendered":"http:\/\/www.aciktimizgara.com\/tr\/ana-sayfa\/"},"modified":"2023-03-28T20:17:31","modified_gmt":"2023-03-28T20:17:31","slug":"ana-sayfa","status":"publish","type":"page","link":"https:\/\/www.aciktimizgara.com\/tr\/","title":{"rendered":"ACIKTIM IZGARA"},"content":{"rendered":"\n<h2 class=\"has-text-align-center coblocks-animate\" data-coblocks-animation=\"zoomIn\">Kalkan&#8217;\u0131n En Leziz Noktas\u0131na Ho\u015f Geldiniz<\/h2>\n\n\n\n<div class=\"wp-block-button aligncenter coblocks-animate\" data-coblocks-animation=\"clipHorizontal\"><a class=\"wp-block-button__link wp-element-button\" href=\"tel:+902428442796\">Hemen Telefon \u0130le Sipari\u015f Verin<\/a><\/div>\n\n\n\n<p class=\"has-text-align-center has-barlow-condensed-font-family coblocks-animate has-custom-font has-custom-transform has-custom-lineheight has-custom-letterspacing\" style=\"text-transform:uppercase;letter-spacing:0.7px;line-height:1.71;font-family:Barlow Condensed;font-size:24px\" data-coblocks-animation=\"zoomIn\"><a href=\"http:\/\/www.aciktimizgara.com\/tr\/product-category\/corbalar\/\">\u00c7ORBALAR<\/a>   <a href=\"http:\/\/www.aciktimizgara.com\/tr\/product-category\/mezeler\/\">MEZELER<\/a>   <a href=\"http:\/\/www.aciktimizgara.com\/tr\/product-category\/salatalar\/\">SALATALAR<\/a>   <a href=\"http:\/\/www.aciktimizgara.com\/tr\/product-category\/durum-burger\/\">D\u00dcR\u00dcM &amp; BURGER<\/a>   <a href=\"http:\/\/www.aciktimizgara.com\/tr\/product-category\/izgaralar\/\">IZGARALAR<\/a>  <a href=\"http:\/\/www.aciktimizgara.com\/tr\/product-category\/guvecler\/\">G\u00dcVE\u00c7LER<\/a>   <a href=\"http:\/\/www.aciktimizgara.com\/tr\/product-category\/pideler\/\">P\u0130DELER<\/a>   <a href=\"http:\/\/www.aciktimizgara.com\/tr\/product-category\/pizzalar\/\">P\u0130ZZALAR<\/a>   <a href=\"http:\/\/www.aciktimizgara.com\/tr\/product-category\/soguk-icecekler\/\">\u0130\u00c7ECEKLER<\/a>    <a href=\"http:\/\/www.aciktimizgara.com\/tr\/product-category\/tatlilar\/\">TATLILAR<\/a>  <a href=\"http:\/\/www.aciktimizgara.com\/tr\/product-category\/kahvalti\/\">KAHVALTILAR<\/a><\/p>\n\n\n<div data-block-name=\"woocommerce\/product-new\" data-columns=\"4\" data-categories=\"[6]\" data-content-visibility=\"{&quot;image&quot;:true,&quot;title&quot;:true,&quot;price&quot;:true,&quot;rating&quot;:true,&quot;button&quot;:false}\" class=\"wc-block-grid wp-block-product-new wc-block-product-new has-4-columns has-multiple-rows alignwide\"><ul class=\"wc-block-grid__products\"><li class=\"wc-block-grid__product\">\n\t\t\t\t<a href=\"https:\/\/www.aciktimizgara.com\/tr\/product\/karisik-izgara-1-kisilik\/\" class=\"wc-block-grid__product-link\">\n\t\t\t\t\t<div class=\"wc-block-grid__product-image\"><img width=\"300\" height=\"300\" src=\"https:\/\/www.aciktimizgara.com\/tr\/wp-content\/uploads\/2023\/03\/karisik-izgara-tabagi-4954-300x300.jpg\" class=\"attachment-woocommerce_thumbnail size-woocommerce_thumbnail\" alt=\"Kar\u0131\u015f\u0131k Izgara (1 Ki\u015filik) (mix grill 1 person)\" decoding=\"async\" loading=\"lazy\" srcset=\"https:\/\/www.aciktimizgara.com\/tr\/wp-content\/uploads\/2023\/03\/karisik-izgara-tabagi-4954-300x300.jpg 300w, https:\/\/www.aciktimizgara.com\/tr\/wp-content\/uploads\/2023\/03\/karisik-izgara-tabagi-4954-150x150.jpg 150w, https:\/\/www.aciktimizgara.com\/tr\/wp-content\/uploads\/2023\/03\/karisik-izgara-tabagi-4954-100x100.jpg 100w\" sizes=\"(max-width: 300px) 100vw, 300px\" \/><\/div>\n\t\t\t\t\t<div class=\"wc-block-grid__product-title\">Kar\u0131\u015f\u0131k Izgara (1 Ki\u015filik) (mix grill 1 person)<\/div>\n\t\t\t\t<\/a>\n\t\t\t\t\n\t\t\t\t<div class=\"wc-block-grid__product-price price\"><span class=\"woocommerce-Price-amount amount\"><span class=\"woocommerce-Price-currencySymbol\">&#8378;<\/span>800,00<\/span><\/div>\n\t\t\t\t\n\t\t\t\t\n\t\t\t<\/li><li class=\"wc-block-grid__product\">\n\t\t\t\t<a href=\"https:\/\/www.aciktimizgara.com\/tr\/product\/aci-soslu-bonfile\/\" class=\"wc-block-grid__product-link\">\n\t\t\t\t\t<div class=\"wc-block-grid__product-image\"><img width=\"300\" height=\"300\" src=\"https:\/\/www.aciktimizgara.com\/tr\/wp-content\/uploads\/2023\/03\/acili-mantarli-kremali-bonfile-300x300.jpg\" class=\"attachment-woocommerce_thumbnail size-woocommerce_thumbnail\" alt=\"Ac\u0131 Soslu Bonfile (Chili Sauce Steak)\" decoding=\"async\" loading=\"lazy\" srcset=\"https:\/\/www.aciktimizgara.com\/tr\/wp-content\/uploads\/2023\/03\/acili-mantarli-kremali-bonfile-300x300.jpg 300w, https:\/\/www.aciktimizgara.com\/tr\/wp-content\/uploads\/2023\/03\/acili-mantarli-kremali-bonfile-150x150.jpg 150w, https:\/\/www.aciktimizgara.com\/tr\/wp-content\/uploads\/2023\/03\/acili-mantarli-kremali-bonfile-100x100.jpg 100w\" sizes=\"(max-width: 300px) 100vw, 300px\" \/><\/div>\n\t\t\t\t\t<div class=\"wc-block-grid__product-title\">Ac\u0131 Soslu Bonfile (Chili Sauce Steak)<\/div>\n\t\t\t\t<\/a>\n\t\t\t\t\n\t\t\t\t<div class=\"wc-block-grid__product-price price\"><span class=\"woocommerce-Price-amount amount\"><span class=\"woocommerce-Price-currencySymbol\">&#8378;<\/span>1.100,00<\/span><\/div>\n\t\t\t\t\n\t\t\t\t\n\t\t\t<\/li><li class=\"wc-block-grid__product\">\n\t\t\t\t<a href=\"https:\/\/www.aciktimizgara.com\/tr\/product\/mantarli-kremali-bonfile\/\" class=\"wc-block-grid__product-link\">\n\t\t\t\t\t<div class=\"wc-block-grid__product-image\"><img width=\"300\" height=\"300\" src=\"https:\/\/www.aciktimizgara.com\/tr\/wp-content\/uploads\/2023\/03\/mantarli-kremali-300x300.png\" class=\"attachment-woocommerce_thumbnail size-woocommerce_thumbnail\" alt=\"Mantarl\u0131 Kremal\u0131 Bonfile (Mushroom Cream Steak)\" decoding=\"async\" loading=\"lazy\" srcset=\"https:\/\/www.aciktimizgara.com\/tr\/wp-content\/uploads\/2023\/03\/mantarli-kremali-300x300.png 300w, https:\/\/www.aciktimizgara.com\/tr\/wp-content\/uploads\/2023\/03\/mantarli-kremali-150x150.png 150w, https:\/\/www.aciktimizgara.com\/tr\/wp-content\/uploads\/2023\/03\/mantarli-kremali-100x100.png 100w\" sizes=\"(max-width: 300px) 100vw, 300px\" \/><\/div>\n\t\t\t\t\t<div class=\"wc-block-grid__product-title\">Mantarl\u0131 Kremal\u0131 Bonfile (Mushroom Cream Steak)<\/div>\n\t\t\t\t<\/a>\n\t\t\t\t\n\t\t\t\t<div class=\"wc-block-grid__product-price price\"><span class=\"woocommerce-Price-amount amount\"><span class=\"woocommerce-Price-currencySymbol\">&#8378;<\/span>1.100,00<\/span><\/div>\n\t\t\t\t\n\t\t\t\t\n\t\t\t<\/li><li class=\"wc-block-grid__product\">\n\t\t\t\t<a href=\"https:\/\/www.aciktimizgara.com\/tr\/product\/tavuk-sis\/\" class=\"wc-block-grid__product-link\">\n\t\t\t\t\t<div class=\"wc-block-grid__product-image\"><img width=\"300\" height=\"300\" src=\"https:\/\/www.aciktimizgara.com\/tr\/wp-content\/uploads\/2023\/03\/tavuk-sis-300x300.png\" class=\"attachment-woocommerce_thumbnail size-woocommerce_thumbnail\" alt=\"Tavuk \u015ei\u015f (Chicken Shish)\" decoding=\"async\" loading=\"lazy\" srcset=\"https:\/\/www.aciktimizgara.com\/tr\/wp-content\/uploads\/2023\/03\/tavuk-sis-300x300.png 300w, https:\/\/www.aciktimizgara.com\/tr\/wp-content\/uploads\/2023\/03\/tavuk-sis-150x150.png 150w, https:\/\/www.aciktimizgara.com\/tr\/wp-content\/uploads\/2023\/03\/tavuk-sis-100x100.png 100w\" sizes=\"(max-width: 300px) 100vw, 300px\" \/><\/div>\n\t\t\t\t\t<div class=\"wc-block-grid__product-title\">Tavuk \u015ei\u015f (Chicken Shish)<\/div>\n\t\t\t\t<\/a>\n\t\t\t\t\n\t\t\t\t<div class=\"wc-block-grid__product-price price\"><span class=\"woocommerce-Price-amount amount\"><span class=\"woocommerce-Price-currencySymbol\">&#8378;<\/span>450,00<\/span><\/div>\n\t\t\t\t\n\t\t\t\t\n\t\t\t<\/li><li class=\"wc-block-grid__product\">\n\t\t\t\t<a href=\"https:\/\/www.aciktimizgara.com\/tr\/product\/karisik-kofte-1-2-izgara-kofte-1-2-sis-kofte\/\" class=\"wc-block-grid__product-link\">\n\t\t\t\t\t<div class=\"wc-block-grid__product-image\"><img width=\"300\" height=\"300\" src=\"https:\/\/www.aciktimizgara.com\/tr\/wp-content\/uploads\/2023\/03\/karisik-kofte-300x300.png\" class=\"attachment-woocommerce_thumbnail size-woocommerce_thumbnail\" alt=\"Kar\u0131\u015f\u0131k K\u00f6fte (1\/2 Izgara K\u00f6fte + 1\/2 \u015ei\u015f K\u00f6fte) (Mixed Meatballs)\" decoding=\"async\" loading=\"lazy\" srcset=\"https:\/\/www.aciktimizgara.com\/tr\/wp-content\/uploads\/2023\/03\/karisik-kofte-300x300.png 300w, https:\/\/www.aciktimizgara.com\/tr\/wp-content\/uploads\/2023\/03\/karisik-kofte-150x150.png 150w, https:\/\/www.aciktimizgara.com\/tr\/wp-content\/uploads\/2023\/03\/karisik-kofte-100x100.png 100w\" sizes=\"(max-width: 300px) 100vw, 300px\" \/><\/div>\n\t\t\t\t\t<div class=\"wc-block-grid__product-title\">Kar\u0131\u015f\u0131k K\u00f6fte (1\/2 Izgara K\u00f6fte + 1\/2 \u015ei\u015f K\u00f6fte) (Mixed Meatballs)<\/div>\n\t\t\t\t<\/a>\n\t\t\t\t\n\t\t\t\t<div class=\"wc-block-grid__product-price price\"><span class=\"woocommerce-Price-amount amount\"><span class=\"woocommerce-Price-currencySymbol\">&#8378;<\/span>500,00<\/span><\/div>\n\t\t\t\t\n\t\t\t\t\n\t\t\t<\/li><li class=\"wc-block-grid__product\">\n\t\t\t\t<a href=\"https:\/\/www.aciktimizgara.com\/tr\/product\/sis-kofte\/\" class=\"wc-block-grid__product-link\">\n\t\t\t\t\t<div class=\"wc-block-grid__product-image\"><img width=\"300\" height=\"300\" src=\"https:\/\/www.aciktimizgara.com\/tr\/wp-content\/uploads\/2023\/03\/sis-kofte-300x300.png\" class=\"attachment-woocommerce_thumbnail size-woocommerce_thumbnail\" alt=\"\u015ei\u015f K\u00f6fte (Shish Meatballs)\" decoding=\"async\" loading=\"lazy\" srcset=\"https:\/\/www.aciktimizgara.com\/tr\/wp-content\/uploads\/2023\/03\/sis-kofte-300x300.png 300w, https:\/\/www.aciktimizgara.com\/tr\/wp-content\/uploads\/2023\/03\/sis-kofte-150x150.png 150w, https:\/\/www.aciktimizgara.com\/tr\/wp-content\/uploads\/2023\/03\/sis-kofte-100x100.png 100w\" sizes=\"(max-width: 300px) 100vw, 300px\" \/><\/div>\n\t\t\t\t\t<div class=\"wc-block-grid__product-title\">\u015ei\u015f K\u00f6fte (Shish Meatballs)<\/div>\n\t\t\t\t<\/a>\n\t\t\t\t\n\t\t\t\t<div class=\"wc-block-grid__product-price price\"><span class=\"woocommerce-Price-amount amount\"><span class=\"woocommerce-Price-currencySymbol\">&#8378;<\/span>500,00<\/span><\/div>\n\t\t\t\t\n\t\t\t\t\n\t\t\t<\/li><li class=\"wc-block-grid__product\">\n\t\t\t\t<a href=\"https:\/\/www.aciktimizgara.com\/tr\/product\/izgara-kofte\/\" class=\"wc-block-grid__product-link\">\n\t\t\t\t\t<div class=\"wc-block-grid__product-image\"><img width=\"300\" height=\"300\" src=\"https:\/\/www.aciktimizgara.com\/tr\/wp-content\/uploads\/2023\/03\/izgara-kofte-300x300.png\" class=\"attachment-woocommerce_thumbnail size-woocommerce_thumbnail\" alt=\"Izgara K\u00f6fte (Grilled Meatballs)\" decoding=\"async\" loading=\"lazy\" srcset=\"https:\/\/www.aciktimizgara.com\/tr\/wp-content\/uploads\/2023\/03\/izgara-kofte-300x300.png 300w, https:\/\/www.aciktimizgara.com\/tr\/wp-content\/uploads\/2023\/03\/izgara-kofte-150x150.png 150w, https:\/\/www.aciktimizgara.com\/tr\/wp-content\/uploads\/2023\/03\/izgara-kofte-100x100.png 100w\" sizes=\"(max-width: 300px) 100vw, 300px\" \/><\/div>\n\t\t\t\t\t<div class=\"wc-block-grid__product-title\">Izgara K\u00f6fte (Grilled Meatballs)<\/div>\n\t\t\t\t<\/a>\n\t\t\t\t\n\t\t\t\t<div class=\"wc-block-grid__product-price price\"><span class=\"woocommerce-Price-amount amount\"><span class=\"woocommerce-Price-currencySymbol\">&#8378;<\/span>500,00<\/span><\/div>\n\t\t\t\t\n\t\t\t\t\n\t\t\t<\/li><li class=\"wc-block-grid__product\">\n\t\t\t\t<a href=\"https:\/\/www.aciktimizgara.com\/tr\/product\/kalamaki-spesiyal-1-2-izgara-kofte-1-2-sis-kofte-1-2-tavuk-sis-1-2-tavuk-izgara\/\" class=\"wc-block-grid__product-link\">\n\t\t\t\t\t<div class=\"wc-block-grid__product-image\"><img width=\"300\" height=\"300\" src=\"https:\/\/www.aciktimizgara.com\/tr\/wp-content\/uploads\/2023\/03\/kalamaki-spesyal-300x300.png\" class=\"attachment-woocommerce_thumbnail size-woocommerce_thumbnail\" alt=\"Kalamaki Spesiyal (1\/2 Izgara K\u00f6fte, 1\/2 Kuzu \u015fi\u015f, 1\/2 Tavuk \u015ei\u015f, 1\/2 kasap sucuk \u0131zgara)\" decoding=\"async\" loading=\"lazy\" srcset=\"https:\/\/www.aciktimizgara.com\/tr\/wp-content\/uploads\/2023\/03\/kalamaki-spesyal-300x300.png 300w, https:\/\/www.aciktimizgara.com\/tr\/wp-content\/uploads\/2023\/03\/kalamaki-spesyal-150x150.png 150w, https:\/\/www.aciktimizgara.com\/tr\/wp-content\/uploads\/2023\/03\/kalamaki-spesyal-100x100.png 100w\" sizes=\"(max-width: 300px) 100vw, 300px\" \/><\/div>\n\t\t\t\t\t<div class=\"wc-block-grid__product-title\">Kalamaki Spesiyal (1\/2 Izgara K\u00f6fte, 1\/2 Kuzu \u015fi\u015f, 1\/2 Tavuk \u015ei\u015f, 1\/2 kasap sucuk \u0131zgara)<\/div>\n\t\t\t\t<\/a>\n\t\t\t\t\n\t\t\t\t<div class=\"wc-block-grid__product-price price\"><span class=\"woocommerce-Price-amount amount\"><span class=\"woocommerce-Price-currencySymbol\">&#8378;<\/span>750,00<\/span><\/div>\n\t\t\t\t\n\t\t\t\t\n\t\t\t<\/li><li class=\"wc-block-grid__product\">\n\t\t\t\t<a href=\"https:\/\/www.aciktimizgara.com\/tr\/product\/kalkan-trio-izgara-1-2-izgara-kofte-1-2-sis-kofte-1-2-tavuk-sis\/\" class=\"wc-block-grid__product-link\">\n\t\t\t\t\t<div class=\"wc-block-grid__product-image\"><img width=\"300\" height=\"300\" src=\"https:\/\/www.aciktimizgara.com\/tr\/wp-content\/uploads\/2023\/03\/kalkan-trio-300x300.png\" class=\"attachment-woocommerce_thumbnail size-woocommerce_thumbnail\" alt=\"Kalkan Trio Izgara (1\/2 Izgara K\u00f6fte, 1\/2 urfa kebap, 1\/2 Tavuk \u015ei\u015f)\" decoding=\"async\" loading=\"lazy\" srcset=\"https:\/\/www.aciktimizgara.com\/tr\/wp-content\/uploads\/2023\/03\/kalkan-trio-300x300.png 300w, https:\/\/www.aciktimizgara.com\/tr\/wp-content\/uploads\/2023\/03\/kalkan-trio-150x150.png 150w, https:\/\/www.aciktimizgara.com\/tr\/wp-content\/uploads\/2023\/03\/kalkan-trio-100x100.png 100w\" sizes=\"(max-width: 300px) 100vw, 300px\" \/><\/div>\n\t\t\t\t\t<div class=\"wc-block-grid__product-title\">Kalkan Trio Izgara (1\/2 Izgara K\u00f6fte, 1\/2 urfa kebap, 1\/2 Tavuk \u015ei\u015f)<\/div>\n\t\t\t\t<\/a>\n\t\t\t\t\n\t\t\t\t<div class=\"wc-block-grid__product-price price\"><span class=\"woocommerce-Price-amount amount\"><span class=\"woocommerce-Price-currencySymbol\">&#8378;<\/span>650,00<\/span><\/div>\n\t\t\t\t\n\t\t\t\t\n\t\t\t<\/li><li class=\"wc-block-grid__product\">\n\t\t\t\t<a href=\"https:\/\/www.aciktimizgara.com\/tr\/product\/adana-kebap-acili\/\" class=\"wc-block-grid__product-link\">\n\t\t\t\t\t<div class=\"wc-block-grid__product-image\"><img width=\"300\" height=\"300\" src=\"https:\/\/www.aciktimizgara.com\/tr\/wp-content\/uploads\/2023\/03\/adana-kebap-300x300.png\" class=\"attachment-woocommerce_thumbnail size-woocommerce_thumbnail\" alt=\"Adana Kebap (Ac\u0131l\u0131) (Chili Kebap)\" decoding=\"async\" loading=\"lazy\" srcset=\"https:\/\/www.aciktimizgara.com\/tr\/wp-content\/uploads\/2023\/03\/adana-kebap-300x300.png 300w, https:\/\/www.aciktimizgara.com\/tr\/wp-content\/uploads\/2023\/03\/adana-kebap-150x150.png 150w, https:\/\/www.aciktimizgara.com\/tr\/wp-content\/uploads\/2023\/03\/adana-kebap-100x100.png 100w\" sizes=\"(max-width: 300px) 100vw, 300px\" \/><\/div>\n\t\t\t\t\t<div class=\"wc-block-grid__product-title\">Adana Kebap (Ac\u0131l\u0131) (Chili Kebap)<\/div>\n\t\t\t\t<\/a>\n\t\t\t\t\n\t\t\t\t<div class=\"wc-block-grid__product-price price\"><span class=\"woocommerce-Price-amount amount\"><span class=\"woocommerce-Price-currencySymbol\">&#8378;<\/span>500,00<\/span><\/div>\n\t\t\t\t\n\t\t\t\t\n\t\t\t<\/li><li class=\"wc-block-grid__product\">\n\t\t\t\t<a href=\"https:\/\/www.aciktimizgara.com\/tr\/product\/urfa-kebap\/\" class=\"wc-block-grid__product-link\">\n\t\t\t\t\t<div class=\"wc-block-grid__product-image\"><img width=\"300\" height=\"300\" src=\"https:\/\/www.aciktimizgara.com\/tr\/wp-content\/uploads\/2023\/03\/urfa-kebap-300x300.png\" class=\"attachment-woocommerce_thumbnail size-woocommerce_thumbnail\" alt=\"Urfa Kebap (Ac\u0131s\u0131z) (Not spicy kebap)\" decoding=\"async\" loading=\"lazy\" srcset=\"https:\/\/www.aciktimizgara.com\/tr\/wp-content\/uploads\/2023\/03\/urfa-kebap-300x300.png 300w, https:\/\/www.aciktimizgara.com\/tr\/wp-content\/uploads\/2023\/03\/urfa-kebap-150x150.png 150w, https:\/\/www.aciktimizgara.com\/tr\/wp-content\/uploads\/2023\/03\/urfa-kebap-100x100.png 100w\" sizes=\"(max-width: 300px) 100vw, 300px\" \/><\/div>\n\t\t\t\t\t<div class=\"wc-block-grid__product-title\">Urfa Kebap (Ac\u0131s\u0131z) (Not spicy kebap)<\/div>\n\t\t\t\t<\/a>\n\t\t\t\t\n\t\t\t\t<div class=\"wc-block-grid__product-price price\"><span class=\"woocommerce-Price-amount amount\"><span class=\"woocommerce-Price-currencySymbol\">&#8378;<\/span>500,00<\/span><\/div>\n\t\t\t\t\n\t\t\t\t\n\t\t\t<\/li><li class=\"wc-block-grid__product\">\n\t\t\t\t<a href=\"https:\/\/www.aciktimizgara.com\/tr\/product\/sucuk-izgara\/\" class=\"wc-block-grid__product-link\">\n\t\t\t\t\t<div class=\"wc-block-grid__product-image\"><img width=\"300\" height=\"300\" src=\"https:\/\/www.aciktimizgara.com\/tr\/wp-content\/uploads\/2023\/03\/sucuk-izgara-300x300.png\" class=\"attachment-woocommerce_thumbnail size-woocommerce_thumbnail\" alt=\"Sucuk Izgara (Grilled pepperoni)\" decoding=\"async\" loading=\"lazy\" srcset=\"https:\/\/www.aciktimizgara.com\/tr\/wp-content\/uploads\/2023\/03\/sucuk-izgara-300x300.png 300w, https:\/\/www.aciktimizgara.com\/tr\/wp-content\/uploads\/2023\/03\/sucuk-izgara-150x150.png 150w, https:\/\/www.aciktimizgara.com\/tr\/wp-content\/uploads\/2023\/03\/sucuk-izgara-100x100.png 100w\" sizes=\"(max-width: 300px) 100vw, 300px\" \/><\/div>\n\t\t\t\t\t<div class=\"wc-block-grid__product-title\">Sucuk Izgara (Grilled pepperoni)<\/div>\n\t\t\t\t<\/a>\n\t\t\t\t\n\t\t\t\t<div class=\"wc-block-grid__product-price price\"><span class=\"woocommerce-Price-amount amount\"><span class=\"woocommerce-Price-currencySymbol\">&#8378;<\/span>500,00<\/span><\/div>\n\t\t\t\t\n\t\t\t\t\n\t\t\t<\/li><\/ul><\/div>\n\n\n<figure class=\"wp-block-image alignfull size-full coblocks-animate\" data-coblocks-animation=\"slideInLeft\"><img decoding=\"async\" loading=\"lazy\" width=\"940\" height=\"627\" src=\"http:\/\/www.aciktimizgara.com\/tr\/wp-content\/uploads\/2023\/03\/izgara-kofte-yemekcom.webp\" alt=\"\" class=\"wp-image-286\" srcset=\"https:\/\/www.aciktimizgara.com\/tr\/wp-content\/uploads\/2023\/03\/izgara-kofte-yemekcom.webp 940w, https:\/\/www.aciktimizgara.com\/tr\/wp-content\/uploads\/2023\/03\/izgara-kofte-yemekcom-300x200.webp 300w, https:\/\/www.aciktimizgara.com\/tr\/wp-content\/uploads\/2023\/03\/izgara-kofte-yemekcom-768x512.webp 768w, https:\/\/www.aciktimizgara.com\/tr\/wp-content\/uploads\/2023\/03\/izgara-kofte-yemekcom-600x400.webp 600w\" sizes=\"(max-width: 940px) 100vw, 940px\" \/><\/figure>\n\n\n\n<div class=\"is-layout-flow wp-block-group alignwide\"><div class=\"wp-block-group__inner-container\">\n<div class=\"is-layout-flex wp-container-4 wp-block-columns alignwide\">\n<div class=\"is-layout-flow wp-block-column\">\n<h3 class=\"has-text-align-center\">Ev yap\u0131m\u0131<\/h3>\n\n\n\n<p class=\"has-text-align-center\">\u00dcr\u00fcnlerimizin tamam\u0131, en kaliteli malzemeler kullan\u0131larak ev yap\u0131m\u0131 us\u00fcllerine ba\u011fl\u0131 kalarak haz\u0131rlanmaktad\u0131r. \u0130\u015fletmemizde temizlik ve lezzetten \u00f6d\u00fcn vermeden sizlere en kaliteli \u0131zgaralar\u0131 ve di\u011fer \u00fcr\u00fcnlerim uygun fiyatlar ile sunmay\u0131 ilke ediniyoruz<\/p>\n<\/div>\n\n\n\n<div class=\"is-layout-flow wp-block-column\">\n<h3 class=\"has-text-align-center\">\u0130\u015fletmemiz<\/h3>\n\n\n\n<p class=\"has-text-align-center\">Kalkan trafik \u0131\u015f\u0131klar\u0131nda yer alan i\u015fletmemiz, yaz k\u0131\u015f a\u00e7\u0131k olup, her t\u00fcrl\u00fc hava ko\u015fulunda ailenizle veya arkada\u015flar\u0131n\u0131z keyifli zaman ge\u00e7irebilece\u011finiz bir ortam sunmaktad\u0131r.<\/p>\n<\/div>\n\n\n\n<div class=\"is-layout-flow wp-block-column\">\n<h3 class=\"has-text-align-center\">Geni\u015f Men\u00fc<\/h3>\n\n\n\n<p class=\"has-text-align-center\">Hepimizin tercihleri farkl\u0131 olabilir, hem \u0131zgara sevenlere, hem burger d\u00fcr\u00fcm sevenlere, hem f\u0131r\u0131n \u00fcr\u00fcn\u00fc sevenlere, hem de pizza sevenlere hitap eden bir men\u00fcm\u00fcz var. \u00dcstelik g\u00fcve\u00e7severleri, kahvalt\u0131 merakl\u0131lar\u0131n\u0131 ve \u00e7ocuklar\u0131m\u0131z\u0131 da unutmad\u0131k.<\/p>\n<\/div>\n<\/div>\n<\/div><\/div>\n\n\n\n<hr class=\"wp-block-separator has-css-opacity is-style-dots\"\/>\n\n\n\n<div class=\"is-layout-flex wp-container-8 wp-block-columns\">\n<div class=\"is-layout-flow wp-block-column\">\n<h4 class=\"has-text-align-center\">Konum<\/h4>\n\n\n\n<p class=\"has-text-align-center\">Fethiye Yolu Trafik I\u015f\u0131klar\u0131, <br>Kalkan \/ Antalya<\/p>\n\n\n\n<p class=\"has-text-align-center\">0242 844 2796<\/p>\n<\/div>\n\n\n\n<div class=\"is-layout-flow wp-block-column\">\n<h4 class=\"has-text-align-center\">Saatlerimiz<\/h4>\n\n\n\n<p class=\"has-text-align-center\">Haftan\u0131n Her G\u00fcn\u00fc: 09:00 &#8211; 00:00<\/p>\n\n\n\n<p class=\"has-text-align-center\"><\/p>\n<\/div>\n<\/div>\n","protected":false},"excerpt":{"rendered":"<p>Kalkan&#8217;\u0131n En Leziz Noktas\u0131na Ho\u015f Geldiniz \u00c7ORBALAR MEZELER SALATALAR D\u00dcR\u00dcM &amp; BURGER IZGARALAR G\u00dcVE\u00c7LER P\u0130DELER P\u0130ZZALAR \u0130\u00c7ECEKLER TATLILAR KAHVALTILAR Ev yap\u0131m\u0131 \u00dcr\u00fcnlerimizin tamam\u0131, en kaliteli malzemeler kullan\u0131larak ev yap\u0131m\u0131 us\u00fcllerine ba\u011fl\u0131 kalarak haz\u0131rlanmaktad\u0131r. \u0130\u015fletmemizde temizlik ve lezzetten \u00f6d\u00fcn vermeden sizlere en kaliteli \u0131zgaralar\u0131 ve di\u011fer \u00fcr\u00fcnlerim uygun fiyatlar ile sunmay\u0131 ilke ediniyoruz \u0130\u015fletmemiz Kalkan trafik [&hellip;]<\/p>\n","protected":false},"author":1,"featured_media":0,"parent":0,"menu_order":0,"comment_status":"closed","ping_status":"closed","template":"","meta":{"hide_page_title":"","_coblocks_attr":"Montserrat,Ubuntu,Lato,Cormorant Garamond,Anton,Arvo,Barlow Condensed","_coblocks_dimensions":"","_coblocks_responsive_height":"","_coblocks_accordion_ie_support":""},"_links":{"self":[{"href":"https:\/\/www.aciktimizgara.com\/tr\/wp-json\/wp\/v2\/pages\/31"}],"collection":[{"href":"https:\/\/www.aciktimizgara.com\/tr\/wp-json\/wp\/v2\/pages"}],"about":[{"href":"https:\/\/www.aciktimizgara.com\/tr\/wp-json\/wp\/v2\/types\/page"}],"author":[{"embeddable":true,"href":"https:\/\/www.aciktimizgara.com\/tr\/wp-json\/wp\/v2\/users\/1"}],"replies":[{"embeddable":true,"href":"https:\/\/www.aciktimizgara.com\/tr\/wp-json\/wp\/v2\/comments?post=31"}],"version-history":[{"count":7,"href":"https:\/\/www.aciktimizgara.com\/tr\/wp-json\/wp\/v2\/pages\/31\/revisions"}],"predecessor-version":[{"id":333,"href":"https:\/\/www.aciktimizgara.com\/tr\/wp-json\/wp\/v2\/pages\/31\/revisions\/333"}],"wp:attachment":[{"href":"https:\/\/www.aciktimizgara.com\/tr\/wp-json\/wp\/v2\/media?parent=31"}],"curies":[{"name":"wp","href":"https:\/\/api.w.org\/{rel}","templated":true}]}}