{"id":46,"date":"2023-03-17T12:45:09","date_gmt":"2023-03-17T12:45:09","guid":{"rendered":"http:\/\/www.aciktimizgara.com\/tr\/hakkinda\/"},"modified":"2023-03-23T05:39:47","modified_gmt":"2023-03-23T05:39:47","slug":"hakkinda","status":"publish","type":"page","link":"https:\/\/www.aciktimizgara.com\/tr\/hakkinda\/","title":{"rendered":"Restoran\u0131m\u0131z"},"content":{"rendered":"\n<figure class=\"wp-block-image alignwide size-large coblocks-animate\" data-coblocks-animation=\"clipHorizontal\"><img decoding=\"async\" loading=\"lazy\" width=\"1024\" height=\"559\" src=\"http:\/\/www.aciktimizgara.com\/tr\/wp-content\/uploads\/2023\/03\/Ekran-Resmi-2023-03-23-08.03.11-1024x559.png\" alt=\"\" class=\"wp-image-294\" srcset=\"https:\/\/www.aciktimizgara.com\/tr\/wp-content\/uploads\/2023\/03\/Ekran-Resmi-2023-03-23-08.03.11-1024x559.png 1024w, https:\/\/www.aciktimizgara.com\/tr\/wp-content\/uploads\/2023\/03\/Ekran-Resmi-2023-03-23-08.03.11-300x164.png 300w, https:\/\/www.aciktimizgara.com\/tr\/wp-content\/uploads\/2023\/03\/Ekran-Resmi-2023-03-23-08.03.11-768x419.png 768w, https:\/\/www.aciktimizgara.com\/tr\/wp-content\/uploads\/2023\/03\/Ekran-Resmi-2023-03-23-08.03.11-600x327.png 600w, https:\/\/www.aciktimizgara.com\/tr\/wp-content\/uploads\/2023\/03\/Ekran-Resmi-2023-03-23-08.03.11.png 1206w\" sizes=\"(max-width: 1024px) 100vw, 1024px\" \/><\/figure>\n\n\n\n<h1 class=\"has-text-align-center\">Kalkan&#8217;\u0131n En Lezzetli Noktas\u0131: Ac\u0131kt\u0131m Izgara<\/h1>\n\n\n\n<p>Kalkan Fethiye \u0131\u015f\u0131klar\u0131nda nezih bir ortamda, otopark sorunu olmadan havadar ve keyifli bir \u015fekilde, Kalkan&#8217;\u0131n en lezzetli \u0131zgaralar\u0131n\u0131 yemek isterseniz sizleri i\u015fletmemize bekliyoruz. Ayr\u0131ca pideler, g\u00fcve\u00e7ler, pizzalar, d\u00fcr\u00fcmler, burgerler, \u00e7orbalar, mezeler, kahvalt\u0131l\u0131klar ve tatl\u0131lar. Ayr\u0131ca t\u00fcm s\u0131cak so\u011fuk i\u00e7ecekler. Geni\u015f men\u00fcm\u00fcz ve ev yap\u0131m\u0131 lezzetlerimizle sizleri a\u011f\u0131rlamaktan memnuniyet duyar\u0131z. Sitemizden men\u00fcm\u00fcz\u00fc inceleyebilir, t\u00fcm \u00fcr\u00fcnlerimizi whatsapp sipari\u015f butonu ile bizlere ula\u015ft\u0131rabilirsiniz.<\/p>\n\n\n\n<figure class=\"is-layout-flex wp-block-gallery-1 wp-block-gallery alignwide has-nested-images columns-2 is-cropped\">\n<figure class=\"wp-block-image size-full coblocks-animate\" data-coblocks-animation=\"clipHorizontal\"><img decoding=\"async\" loading=\"lazy\" width=\"550\" height=\"309\" data-id=\"290\"  src=\"http:\/\/www.aciktimizgara.com\/tr\/wp-content\/uploads\/2023\/03\/2.jpg\" alt=\"\" class=\"wp-image-290\" srcset=\"https:\/\/www.aciktimizgara.com\/tr\/wp-content\/uploads\/2023\/03\/2.jpg 550w, https:\/\/www.aciktimizgara.com\/tr\/wp-content\/uploads\/2023\/03\/2-300x169.jpg 300w\" sizes=\"(max-width: 550px) 100vw, 550px\" \/><\/figure>\n\n\n\n<figure class=\"wp-block-image size-full coblocks-animate\" data-coblocks-animation=\"clipHorizontal\"><img decoding=\"async\" loading=\"lazy\" width=\"550\" height=\"309\" data-id=\"291\"  src=\"http:\/\/www.aciktimizgara.com\/tr\/wp-content\/uploads\/2023\/03\/3.jpg\" alt=\"\" class=\"wp-image-291\" srcset=\"https:\/\/www.aciktimizgara.com\/tr\/wp-content\/uploads\/2023\/03\/3.jpg 550w, https:\/\/www.aciktimizgara.com\/tr\/wp-content\/uploads\/2023\/03\/3-300x169.jpg 300w\" sizes=\"(max-width: 550px) 100vw, 550px\" \/><\/figure>\n\n\n\n<figure class=\"wp-block-image size-full coblocks-animate\" data-coblocks-animation=\"clipHorizontal\"><img decoding=\"async\" loading=\"lazy\" width=\"550\" height=\"413\" data-id=\"292\"  src=\"http:\/\/www.aciktimizgara.com\/tr\/wp-content\/uploads\/2023\/03\/4.jpg\" alt=\"\" class=\"wp-image-292\" srcset=\"https:\/\/www.aciktimizgara.com\/tr\/wp-content\/uploads\/2023\/03\/4.jpg 550w, https:\/\/www.aciktimizgara.com\/tr\/wp-content\/uploads\/2023\/03\/4-300x225.jpg 300w\" sizes=\"(max-width: 550px) 100vw, 550px\" \/><\/figure>\n\n\n\n<figure class=\"wp-block-image size-full coblocks-animate\" data-coblocks-animation=\"clipHorizontal\"><img decoding=\"async\" loading=\"lazy\" width=\"550\" height=\"413\" data-id=\"293\"  src=\"http:\/\/www.aciktimizgara.com\/tr\/wp-content\/uploads\/2023\/03\/1-1.jpg\" alt=\"\" class=\"wp-image-293\" srcset=\"https:\/\/www.aciktimizgara.com\/tr\/wp-content\/uploads\/2023\/03\/1-1.jpg 550w, https:\/\/www.aciktimizgara.com\/tr\/wp-content\/uploads\/2023\/03\/1-1-300x225.jpg 300w\" sizes=\"(max-width: 550px) 100vw, 550px\" \/><\/figure>\n<\/figure>\n","protected":false},"excerpt":{"rendered":"<p>Kalkan&#8217;\u0131n En Lezzetli Noktas\u0131: Ac\u0131kt\u0131m Izgara Kalkan Fethiye \u0131\u015f\u0131klar\u0131nda nezih bir ortamda, otopark sorunu olmadan havadar ve keyifli bir \u015fekilde, Kalkan&#8217;\u0131n en lezzetli \u0131zgaralar\u0131n\u0131 yemek isterseniz sizleri i\u015fletmemize bekliyoruz. Ayr\u0131ca pideler, g\u00fcve\u00e7ler, pizzalar, d\u00fcr\u00fcmler, burgerler, \u00e7orbalar, mezeler, kahvalt\u0131l\u0131klar ve tatl\u0131lar. Ayr\u0131ca t\u00fcm s\u0131cak so\u011fuk i\u00e7ecekler. Geni\u015f men\u00fcm\u00fcz ve ev yap\u0131m\u0131 lezzetlerimizle sizleri a\u011f\u0131rlamaktan memnuniyet duyar\u0131z. [&hellip;]<\/p>\n","protected":false},"author":1,"featured_media":0,"parent":0,"menu_order":0,"comment_status":"closed","ping_status":"closed","template":"","meta":{"hide_page_title":"","_coblocks_attr":"","_coblocks_dimensions":"","_coblocks_responsive_height":"","_coblocks_accordion_ie_support":""},"_links":{"self":[{"href":"https:\/\/www.aciktimizgara.com\/tr\/wp-json\/wp\/v2\/pages\/46"}],"collection":[{"href":"https:\/\/www.aciktimizgara.com\/tr\/wp-json\/wp\/v2\/pages"}],"about":[{"href":"https:\/\/www.aciktimizgara.com\/tr\/wp-json\/wp\/v2\/types\/page"}],"author":[{"embeddable":true,"href":"https:\/\/www.aciktimizgara.com\/tr\/wp-json\/wp\/v2\/users\/1"}],"replies":[{"embeddable":true,"href":"https:\/\/www.aciktimizgara.com\/tr\/wp-json\/wp\/v2\/comments?post=46"}],"version-history":[{"count":3,"href":"https:\/\/www.aciktimizgara.com\/tr\/wp-json\/wp\/v2\/pages\/46\/revisions"}],"predecessor-version":[{"id":309,"href":"https:\/\/www.aciktimizgara.com\/tr\/wp-json\/wp\/v2\/pages\/46\/revisions\/309"}],"wp:attachment":[{"href":"https:\/\/www.aciktimizgara.com\/tr\/wp-json\/wp\/v2\/media?parent=46"}],"curies":[{"name":"wp","href":"https:\/\/api.w.org\/{rel}","templated":true}]}}