{"id":48,"date":"2023-03-17T12:45:09","date_gmt":"2023-03-17T12:45:09","guid":{"rendered":"http:\/\/www.aciktimizgara.com\/tr\/irtibat\/"},"modified":"2023-03-23T05:37:20","modified_gmt":"2023-03-23T05:37:20","slug":"irtibat","status":"publish","type":"page","link":"https:\/\/www.aciktimizgara.com\/tr\/irtibat\/","title":{"rendered":"\u0130leti\u015fim"},"content":{"rendered":"\n<figure class=\"wp-block-image alignwide size-large coblocks-animate\" data-coblocks-animation=\"clipHorizontal\"><img decoding=\"async\" loading=\"lazy\" width=\"1024\" height=\"559\" src=\"http:\/\/www.aciktimizgara.com\/tr\/wp-content\/uploads\/2023\/03\/Ekran-Resmi-2023-03-23-08.03.11-1-1024x559.png\" alt=\"\" class=\"wp-image-303\" srcset=\"https:\/\/www.aciktimizgara.com\/tr\/wp-content\/uploads\/2023\/03\/Ekran-Resmi-2023-03-23-08.03.11-1-1024x559.png 1024w, https:\/\/www.aciktimizgara.com\/tr\/wp-content\/uploads\/2023\/03\/Ekran-Resmi-2023-03-23-08.03.11-1-300x164.png 300w, https:\/\/www.aciktimizgara.com\/tr\/wp-content\/uploads\/2023\/03\/Ekran-Resmi-2023-03-23-08.03.11-1-768x419.png 768w, https:\/\/www.aciktimizgara.com\/tr\/wp-content\/uploads\/2023\/03\/Ekran-Resmi-2023-03-23-08.03.11-1-600x327.png 600w, https:\/\/www.aciktimizgara.com\/tr\/wp-content\/uploads\/2023\/03\/Ekran-Resmi-2023-03-23-08.03.11-1.png 1206w\" sizes=\"(max-width: 1024px) 100vw, 1024px\" \/><\/figure>\n\n\n\n<div class=\"is-layout-flex wp-container-3 wp-block-columns alignwide is-medium-full\">\n<div class=\"is-layout-flow wp-block-column\">\n<h4>Ac\u0131kt\u0131m Izgara Kalkan<\/h4>\n\n\n\n<p>Kalkan Fethiye Trafik I\u015f\u0131klar\u0131, Kalkan \/ Ka\u015f \/ ANTALYA<\/p>\n\n\n\n<h4>0544 844 2796 <\/h4>\n\n\n\n<p>0242 844 2796<\/p>\n<\/div>\n\n\n\n<div class=\"is-layout-flow wp-block-column\"><\/div>\n<\/div>\n\n\n\n<div style=\"min-height:400px\" data-map-attr=\"\/qaddress\/q:\/qKalkan, Akasya Sk. no 5, 07960 Ka\u015f\/Antalya\/q||\/qlat\/q:\/qundefined\/q||\/qlng\/q:\/qundefined\/q||\/qskin\/q:\/qstandard\/q||\/qzoom\/q:\/q15\/q||\/qiconSize\/q:\/q36\/q||\/qmapTypeControl\/q:\/qtrue\/q||\/qzoomControl\/q:\/qtrue\/q||\/qstreetViewControl\/q:\/qtrue\/q||\/qfullscreenControl\/q:\/qtrue\/q\" class=\"wp-block-coblocks-map alignfull coblocks-animate\" data-coblocks-animation=\"zoomIn\"><iframe title=\"Google Map\" frameborder=\"0\" style=\"width:100%;min-height:400px\" src=\"https:\/\/www.google.com\/maps?q=Kalkan%2C%20Akasya%20Sk.%20no%205%2C%2007960%20Ka%C5%9F%2FAntalya&amp;output=embed&amp;hl=tr&amp;z=15\"><\/iframe><\/div>\n","protected":false},"excerpt":{"rendered":"<p>Ac\u0131kt\u0131m Izgara Kalkan Kalkan Fethiye Trafik I\u015f\u0131klar\u0131, Kalkan \/ Ka\u015f \/ ANTALYA 0544 844 2796 0242 844 2796<\/p>\n","protected":false},"author":1,"featured_media":0,"parent":0,"menu_order":0,"comment_status":"closed","ping_status":"closed","template":"","meta":{"hide_page_title":"","_coblocks_attr":"","_coblocks_dimensions":"","_coblocks_responsive_height":"","_coblocks_accordion_ie_support":""},"_links":{"self":[{"href":"https:\/\/www.aciktimizgara.com\/tr\/wp-json\/wp\/v2\/pages\/48"}],"collection":[{"href":"https:\/\/www.aciktimizgara.com\/tr\/wp-json\/wp\/v2\/pages"}],"about":[{"href":"https:\/\/www.aciktimizgara.com\/tr\/wp-json\/wp\/v2\/types\/page"}],"author":[{"embeddable":true,"href":"https:\/\/www.aciktimizgara.com\/tr\/wp-json\/wp\/v2\/users\/1"}],"replies":[{"embeddable":true,"href":"https:\/\/www.aciktimizgara.com\/tr\/wp-json\/wp\/v2\/comments?post=48"}],"version-history":[{"count":5,"href":"https:\/\/www.aciktimizgara.com\/tr\/wp-json\/wp\/v2\/pages\/48\/revisions"}],"predecessor-version":[{"id":307,"href":"https:\/\/www.aciktimizgara.com\/tr\/wp-json\/wp\/v2\/pages\/48\/revisions\/307"}],"wp:attachment":[{"href":"https:\/\/www.aciktimizgara.com\/tr\/wp-json\/wp\/v2\/media?parent=48"}],"curies":[{"name":"wp","href":"https:\/\/api.w.org\/{rel}","templated":true}]}}