{"id":107,"date":"2023-03-22T15:45:13","date_gmt":"2023-03-22T15:45:13","guid":{"rendered":"http:\/\/www.aciktimizgara.com\/tr\/?post_type=product&#038;p=107"},"modified":"2025-10-31T15:38:46","modified_gmt":"2025-10-31T15:38:46","slug":"tavuklu-salata","status":"publish","type":"product","link":"https:\/\/www.aciktimizgara.com\/tr\/product\/tavuklu-salata\/","title":{"rendered":"Tavuklu Salata (Chicken salad)"},"content":{"rendered":"","protected":false},"excerpt":{"rendered":"<p>Domates, Biber, Salatal\u0131k, Marul, So\u011fan, Tavuk Par\u00e7alar\u0131<\/p>\n","protected":false},"featured_media":108,"template":"","meta":{"hide_page_title":"","_coblocks_attr":"","_coblocks_dimensions":"","_coblocks_responsive_height":"","_coblocks_accordion_ie_support":""},"product_cat":[5],"product_tag":[],"_links":{"self":[{"href":"https:\/\/www.aciktimizgara.com\/tr\/wp-json\/wp\/v2\/product\/107"}],"collection":[{"href":"https:\/\/www.aciktimizgara.com\/tr\/wp-json\/wp\/v2\/product"}],"about":[{"href":"https:\/\/www.aciktimizgara.com\/tr\/wp-json\/wp\/v2\/types\/product"}],"wp:featuredmedia":[{"embeddable":true,"href":"https:\/\/www.aciktimizgara.com\/tr\/wp-json\/wp\/v2\/media\/108"}],"wp:attachment":[{"href":"https:\/\/www.aciktimizgara.com\/tr\/wp-json\/wp\/v2\/media?parent=107"}],"wp:term":[{"taxonomy":"product_cat","embeddable":true,"href":"https:\/\/www.aciktimizgara.com\/tr\/wp-json\/wp\/v2\/product_cat?post=107"},{"taxonomy":"product_tag","embeddable":true,"href":"https:\/\/www.aciktimizgara.com\/tr\/wp-json\/wp\/v2\/product_tag?post=107"}],"curies":[{"name":"wp","href":"https:\/\/api.w.org\/{rel}","templated":true}]}}