{"id":111,"date":"2023-03-22T15:48:09","date_gmt":"2023-03-22T15:48:09","guid":{"rendered":"http:\/\/www.aciktimizgara.com\/tr\/?post_type=product&#038;p=111"},"modified":"2025-10-31T15:38:23","modified_gmt":"2025-10-31T15:38:23","slug":"kasik-salata","status":"publish","type":"product","link":"https:\/\/www.aciktimizgara.com\/tr\/product\/kasik-salata\/","title":{"rendered":"Ka\u015f\u0131k Salata (Spoon salad)"},"content":{"rendered":"","protected":false},"excerpt":{"rendered":"<p>\u0130nce K\u0131y\u0131lm\u0131\u015f Salatal\u0131k, Domates, So\u011fan, Biber, Maydanoz<\/p>\n","protected":false},"featured_media":112,"template":"","meta":{"hide_page_title":"","_coblocks_attr":"","_coblocks_dimensions":"","_coblocks_responsive_height":"","_coblocks_accordion_ie_support":""},"product_cat":[5],"product_tag":[],"_links":{"self":[{"href":"https:\/\/www.aciktimizgara.com\/tr\/wp-json\/wp\/v2\/product\/111"}],"collection":[{"href":"https:\/\/www.aciktimizgara.com\/tr\/wp-json\/wp\/v2\/product"}],"about":[{"href":"https:\/\/www.aciktimizgara.com\/tr\/wp-json\/wp\/v2\/types\/product"}],"wp:featuredmedia":[{"embeddable":true,"href":"https:\/\/www.aciktimizgara.com\/tr\/wp-json\/wp\/v2\/media\/112"}],"wp:attachment":[{"href":"https:\/\/www.aciktimizgara.com\/tr\/wp-json\/wp\/v2\/media?parent=111"}],"wp:term":[{"taxonomy":"product_cat","embeddable":true,"href":"https:\/\/www.aciktimizgara.com\/tr\/wp-json\/wp\/v2\/product_cat?post=111"},{"taxonomy":"product_tag","embeddable":true,"href":"https:\/\/www.aciktimizgara.com\/tr\/wp-json\/wp\/v2\/product_tag?post=111"}],"curies":[{"name":"wp","href":"https:\/\/api.w.org\/{rel}","templated":true}]}}