{"id":113,"date":"2023-03-22T15:55:01","date_gmt":"2023-03-22T15:55:01","guid":{"rendered":"http:\/\/www.aciktimizgara.com\/tr\/?post_type=product&#038;p=113"},"modified":"2026-03-15T15:02:15","modified_gmt":"2026-03-15T15:02:15","slug":"tahinli-piyaz","status":"publish","type":"product","link":"https:\/\/www.aciktimizgara.com\/tr\/product\/tahinli-piyaz\/","title":{"rendered":"Tahinli Piyaz (Dry bean salad with tahini)"},"content":{"rendered":"","protected":false},"excerpt":{"rendered":"<p>F\u0131r\u0131nda ha\u015flanm\u0131\u015f fasulye, domates ve k\u0131rm\u0131z\u0131 so\u011fan\u0131n \u00fczerine iste\u011fe g\u00f6re tahin sosu, ha\u015flanm\u0131\u015f yumurta ve maydanoz eklenir.<\/p>\n","protected":false},"featured_media":114,"template":"","meta":{"hide_page_title":"","_coblocks_attr":"","_coblocks_dimensions":"","_coblocks_responsive_height":"","_coblocks_accordion_ie_support":""},"product_cat":[4],"product_tag":[],"_links":{"self":[{"href":"https:\/\/www.aciktimizgara.com\/tr\/wp-json\/wp\/v2\/product\/113"}],"collection":[{"href":"https:\/\/www.aciktimizgara.com\/tr\/wp-json\/wp\/v2\/product"}],"about":[{"href":"https:\/\/www.aciktimizgara.com\/tr\/wp-json\/wp\/v2\/types\/product"}],"wp:featuredmedia":[{"embeddable":true,"href":"https:\/\/www.aciktimizgara.com\/tr\/wp-json\/wp\/v2\/media\/114"}],"wp:attachment":[{"href":"https:\/\/www.aciktimizgara.com\/tr\/wp-json\/wp\/v2\/media?parent=113"}],"wp:term":[{"taxonomy":"product_cat","embeddable":true,"href":"https:\/\/www.aciktimizgara.com\/tr\/wp-json\/wp\/v2\/product_cat?post=113"},{"taxonomy":"product_tag","embeddable":true,"href":"https:\/\/www.aciktimizgara.com\/tr\/wp-json\/wp\/v2\/product_tag?post=113"}],"curies":[{"name":"wp","href":"https:\/\/api.w.org\/{rel}","templated":true}]}}