{"id":131,"date":"2023-03-22T16:05:43","date_gmt":"2023-03-22T16:05:43","guid":{"rendered":"http:\/\/www.aciktimizgara.com\/tr\/?post_type=product&#038;p=131"},"modified":"2025-10-31T15:35:57","modified_gmt":"2025-10-31T15:35:57","slug":"kasarli-domates-corbasi","status":"publish","type":"product","link":"https:\/\/www.aciktimizgara.com\/tr\/product\/kasarli-domates-corbasi\/","title":{"rendered":"Ka\u015farl\u0131 Domates \u00c7orbas\u0131 (Tomato soup)"},"content":{"rendered":"","protected":false},"excerpt":{"rendered":"","protected":false},"featured_media":132,"template":"","meta":{"hide_page_title":"","_coblocks_attr":"","_coblocks_dimensions":"","_coblocks_responsive_height":"","_coblocks_accordion_ie_support":""},"product_cat":[3],"product_tag":[],"_links":{"self":[{"href":"https:\/\/www.aciktimizgara.com\/tr\/wp-json\/wp\/v2\/product\/131"}],"collection":[{"href":"https:\/\/www.aciktimizgara.com\/tr\/wp-json\/wp\/v2\/product"}],"about":[{"href":"https:\/\/www.aciktimizgara.com\/tr\/wp-json\/wp\/v2\/types\/product"}],"wp:featuredmedia":[{"embeddable":true,"href":"https:\/\/www.aciktimizgara.com\/tr\/wp-json\/wp\/v2\/media\/132"}],"wp:attachment":[{"href":"https:\/\/www.aciktimizgara.com\/tr\/wp-json\/wp\/v2\/media?parent=131"}],"wp:term":[{"taxonomy":"product_cat","embeddable":true,"href":"https:\/\/www.aciktimizgara.com\/tr\/wp-json\/wp\/v2\/product_cat?post=131"},{"taxonomy":"product_tag","embeddable":true,"href":"https:\/\/www.aciktimizgara.com\/tr\/wp-json\/wp\/v2\/product_tag?post=131"}],"curies":[{"name":"wp","href":"https:\/\/api.w.org\/{rel}","templated":true}]}}