{"id":144,"date":"2023-03-22T16:16:59","date_gmt":"2023-03-22T16:16:59","guid":{"rendered":"http:\/\/www.aciktimizgara.com\/tr\/?post_type=product&#038;p=144"},"modified":"2026-03-15T14:59:44","modified_gmt":"2026-03-15T14:59:44","slug":"karides-guvec-tereyagli","status":"publish","type":"product","link":"https:\/\/www.aciktimizgara.com\/tr\/product\/karides-guvec-tereyagli\/","title":{"rendered":"Karides G\u00fcve\u00e7 (Tereya\u011fl\u0131) (Shrimp casserole)"},"content":{"rendered":"","protected":false},"excerpt":{"rendered":"","protected":false},"featured_media":145,"template":"","meta":{"hide_page_title":"","_coblocks_attr":"","_coblocks_dimensions":"","_coblocks_responsive_height":"","_coblocks_accordion_ie_support":""},"product_cat":[9],"product_tag":[],"_links":{"self":[{"href":"https:\/\/www.aciktimizgara.com\/tr\/wp-json\/wp\/v2\/product\/144"}],"collection":[{"href":"https:\/\/www.aciktimizgara.com\/tr\/wp-json\/wp\/v2\/product"}],"about":[{"href":"https:\/\/www.aciktimizgara.com\/tr\/wp-json\/wp\/v2\/types\/product"}],"wp:featuredmedia":[{"embeddable":true,"href":"https:\/\/www.aciktimizgara.com\/tr\/wp-json\/wp\/v2\/media\/145"}],"wp:attachment":[{"href":"https:\/\/www.aciktimizgara.com\/tr\/wp-json\/wp\/v2\/media?parent=144"}],"wp:term":[{"taxonomy":"product_cat","embeddable":true,"href":"https:\/\/www.aciktimizgara.com\/tr\/wp-json\/wp\/v2\/product_cat?post=144"},{"taxonomy":"product_tag","embeddable":true,"href":"https:\/\/www.aciktimizgara.com\/tr\/wp-json\/wp\/v2\/product_tag?post=144"}],"curies":[{"name":"wp","href":"https:\/\/api.w.org\/{rel}","templated":true}]}}