{"id":146,"date":"2023-03-22T16:17:37","date_gmt":"2023-03-22T16:17:37","guid":{"rendered":"http:\/\/www.aciktimizgara.com\/tr\/?post_type=product&#038;p=146"},"modified":"2026-03-15T14:59:24","modified_gmt":"2026-03-15T14:59:24","slug":"kiremitte-icli-kofte-el-yapimi-3-adet","status":"publish","type":"product","link":"https:\/\/www.aciktimizgara.com\/tr\/product\/kiremitte-icli-kofte-el-yapimi-3-adet\/","title":{"rendered":"Kiremitte \u0130\u00e7li K\u00f6fte ( El Yap\u0131m\u0131 3 Adet)"},"content":{"rendered":"","protected":false},"excerpt":{"rendered":"","protected":false},"featured_media":147,"template":"","meta":{"hide_page_title":"","_coblocks_attr":"","_coblocks_dimensions":"","_coblocks_responsive_height":"","_coblocks_accordion_ie_support":""},"product_cat":[9],"product_tag":[],"_links":{"self":[{"href":"https:\/\/www.aciktimizgara.com\/tr\/wp-json\/wp\/v2\/product\/146"}],"collection":[{"href":"https:\/\/www.aciktimizgara.com\/tr\/wp-json\/wp\/v2\/product"}],"about":[{"href":"https:\/\/www.aciktimizgara.com\/tr\/wp-json\/wp\/v2\/types\/product"}],"wp:featuredmedia":[{"embeddable":true,"href":"https:\/\/www.aciktimizgara.com\/tr\/wp-json\/wp\/v2\/media\/147"}],"wp:attachment":[{"href":"https:\/\/www.aciktimizgara.com\/tr\/wp-json\/wp\/v2\/media?parent=146"}],"wp:term":[{"taxonomy":"product_cat","embeddable":true,"href":"https:\/\/www.aciktimizgara.com\/tr\/wp-json\/wp\/v2\/product_cat?post=146"},{"taxonomy":"product_tag","embeddable":true,"href":"https:\/\/www.aciktimizgara.com\/tr\/wp-json\/wp\/v2\/product_tag?post=146"}],"curies":[{"name":"wp","href":"https:\/\/api.w.org\/{rel}","templated":true}]}}