{"id":149,"date":"2023-03-22T16:38:19","date_gmt":"2023-03-22T16:38:19","guid":{"rendered":"http:\/\/www.aciktimizgara.com\/tr\/?post_type=product&#038;p=149"},"modified":"2026-03-15T14:58:52","modified_gmt":"2026-03-15T14:58:52","slug":"karisik-pizza","status":"publish","type":"product","link":"https:\/\/www.aciktimizgara.com\/tr\/product\/karisik-pizza\/","title":{"rendered":"Kar\u0131\u015f\u0131k Pizza (Mixed pizza)"},"content":{"rendered":"","protected":false},"excerpt":{"rendered":"<p>Peynir, Salam, Sosis, K\u0131rm\u0131z\u0131 &amp; Ye\u015fil Biber, Mantar, So\u011fan, Sucuk, Zeytin<\/p>\n","protected":false},"featured_media":161,"template":"","meta":{"hide_page_title":"","_coblocks_attr":"","_coblocks_dimensions":"","_coblocks_responsive_height":"","_coblocks_accordion_ie_support":""},"product_cat":[11],"product_tag":[],"_links":{"self":[{"href":"https:\/\/www.aciktimizgara.com\/tr\/wp-json\/wp\/v2\/product\/149"}],"collection":[{"href":"https:\/\/www.aciktimizgara.com\/tr\/wp-json\/wp\/v2\/product"}],"about":[{"href":"https:\/\/www.aciktimizgara.com\/tr\/wp-json\/wp\/v2\/types\/product"}],"wp:featuredmedia":[{"embeddable":true,"href":"https:\/\/www.aciktimizgara.com\/tr\/wp-json\/wp\/v2\/media\/161"}],"wp:attachment":[{"href":"https:\/\/www.aciktimizgara.com\/tr\/wp-json\/wp\/v2\/media?parent=149"}],"wp:term":[{"taxonomy":"product_cat","embeddable":true,"href":"https:\/\/www.aciktimizgara.com\/tr\/wp-json\/wp\/v2\/product_cat?post=149"},{"taxonomy":"product_tag","embeddable":true,"href":"https:\/\/www.aciktimizgara.com\/tr\/wp-json\/wp\/v2\/product_tag?post=149"}],"curies":[{"name":"wp","href":"https:\/\/api.w.org\/{rel}","templated":true}]}}