{"id":150,"date":"2023-03-22T16:38:57","date_gmt":"2023-03-22T16:38:57","guid":{"rendered":"http:\/\/www.aciktimizgara.com\/tr\/?post_type=product&#038;p=150"},"modified":"2026-03-15T14:58:40","modified_gmt":"2026-03-15T14:58:40","slug":"tavuklu-pizza","status":"publish","type":"product","link":"https:\/\/www.aciktimizgara.com\/tr\/product\/tavuklu-pizza\/","title":{"rendered":"Tavuklu Pizza (Chicken pizza)"},"content":{"rendered":"","protected":false},"excerpt":{"rendered":"<p>Tavuk, Mantar, K\u0131rm\u0131z\u0131 Biber, Ka\u015far Peyniri, Kar\u0131\u015f\u0131k Baharatlar<\/p>\n","protected":false},"featured_media":157,"template":"","meta":{"hide_page_title":"","_coblocks_attr":"","_coblocks_dimensions":"","_coblocks_responsive_height":"","_coblocks_accordion_ie_support":""},"product_cat":[11],"product_tag":[],"_links":{"self":[{"href":"https:\/\/www.aciktimizgara.com\/tr\/wp-json\/wp\/v2\/product\/150"}],"collection":[{"href":"https:\/\/www.aciktimizgara.com\/tr\/wp-json\/wp\/v2\/product"}],"about":[{"href":"https:\/\/www.aciktimizgara.com\/tr\/wp-json\/wp\/v2\/types\/product"}],"wp:featuredmedia":[{"embeddable":true,"href":"https:\/\/www.aciktimizgara.com\/tr\/wp-json\/wp\/v2\/media\/157"}],"wp:attachment":[{"href":"https:\/\/www.aciktimizgara.com\/tr\/wp-json\/wp\/v2\/media?parent=150"}],"wp:term":[{"taxonomy":"product_cat","embeddable":true,"href":"https:\/\/www.aciktimizgara.com\/tr\/wp-json\/wp\/v2\/product_cat?post=150"},{"taxonomy":"product_tag","embeddable":true,"href":"https:\/\/www.aciktimizgara.com\/tr\/wp-json\/wp\/v2\/product_tag?post=150"}],"curies":[{"name":"wp","href":"https:\/\/api.w.org\/{rel}","templated":true}]}}