{"id":151,"date":"2023-03-22T16:39:31","date_gmt":"2023-03-22T16:39:31","guid":{"rendered":"http:\/\/www.aciktimizgara.com\/tr\/?post_type=product&#038;p=151"},"modified":"2026-03-15T14:58:29","modified_gmt":"2026-03-15T14:58:29","slug":"ton-balikli-pizza","status":"publish","type":"product","link":"https:\/\/www.aciktimizgara.com\/tr\/product\/ton-balikli-pizza\/","title":{"rendered":"Ton Bal\u0131kl\u0131 Pizza (Tuna pizza)"},"content":{"rendered":"","protected":false},"excerpt":{"rendered":"<p>Ton Bal\u0131\u011f\u0131, Domates, Ka\u015far Peyniri, M\u0131s\u0131r, Baharat<\/p>\n","protected":false},"featured_media":156,"template":"","meta":{"hide_page_title":"","_coblocks_attr":"","_coblocks_dimensions":"","_coblocks_responsive_height":"","_coblocks_accordion_ie_support":""},"product_cat":[11],"product_tag":[],"_links":{"self":[{"href":"https:\/\/www.aciktimizgara.com\/tr\/wp-json\/wp\/v2\/product\/151"}],"collection":[{"href":"https:\/\/www.aciktimizgara.com\/tr\/wp-json\/wp\/v2\/product"}],"about":[{"href":"https:\/\/www.aciktimizgara.com\/tr\/wp-json\/wp\/v2\/types\/product"}],"wp:featuredmedia":[{"embeddable":true,"href":"https:\/\/www.aciktimizgara.com\/tr\/wp-json\/wp\/v2\/media\/156"}],"wp:attachment":[{"href":"https:\/\/www.aciktimizgara.com\/tr\/wp-json\/wp\/v2\/media?parent=151"}],"wp:term":[{"taxonomy":"product_cat","embeddable":true,"href":"https:\/\/www.aciktimizgara.com\/tr\/wp-json\/wp\/v2\/product_cat?post=151"},{"taxonomy":"product_tag","embeddable":true,"href":"https:\/\/www.aciktimizgara.com\/tr\/wp-json\/wp\/v2\/product_tag?post=151"}],"curies":[{"name":"wp","href":"https:\/\/api.w.org\/{rel}","templated":true}]}}