{"id":152,"date":"2023-03-22T16:40:49","date_gmt":"2023-03-22T16:40:49","guid":{"rendered":"http:\/\/www.aciktimizgara.com\/tr\/?post_type=product&#038;p=152"},"modified":"2026-03-15T14:58:17","modified_gmt":"2026-03-15T14:58:17","slug":"sebzeli-pizza","status":"publish","type":"product","link":"https:\/\/www.aciktimizgara.com\/tr\/product\/sebzeli-pizza\/","title":{"rendered":"Sebzeli Pizza (Vegetarian pizza)"},"content":{"rendered":"","protected":false},"excerpt":{"rendered":"<p>Mantar, Domates, So\u011fan, Ye\u015fil ve K\u0131rm\u0131z\u0131 Biber, Ka\u015far Peyniri, Baharatlar<\/p>\n","protected":false},"featured_media":158,"template":"","meta":{"hide_page_title":"","_coblocks_attr":"","_coblocks_dimensions":"","_coblocks_responsive_height":"","_coblocks_accordion_ie_support":""},"product_cat":[11],"product_tag":[],"_links":{"self":[{"href":"https:\/\/www.aciktimizgara.com\/tr\/wp-json\/wp\/v2\/product\/152"}],"collection":[{"href":"https:\/\/www.aciktimizgara.com\/tr\/wp-json\/wp\/v2\/product"}],"about":[{"href":"https:\/\/www.aciktimizgara.com\/tr\/wp-json\/wp\/v2\/types\/product"}],"wp:featuredmedia":[{"embeddable":true,"href":"https:\/\/www.aciktimizgara.com\/tr\/wp-json\/wp\/v2\/media\/158"}],"wp:attachment":[{"href":"https:\/\/www.aciktimizgara.com\/tr\/wp-json\/wp\/v2\/media?parent=152"}],"wp:term":[{"taxonomy":"product_cat","embeddable":true,"href":"https:\/\/www.aciktimizgara.com\/tr\/wp-json\/wp\/v2\/product_cat?post=152"},{"taxonomy":"product_tag","embeddable":true,"href":"https:\/\/www.aciktimizgara.com\/tr\/wp-json\/wp\/v2\/product_tag?post=152"}],"curies":[{"name":"wp","href":"https:\/\/api.w.org\/{rel}","templated":true}]}}