{"id":163,"date":"2023-03-22T16:59:00","date_gmt":"2023-03-22T16:59:00","guid":{"rendered":"http:\/\/www.aciktimizgara.com\/tr\/?post_type=product&#038;p=163"},"modified":"2026-03-15T14:57:41","modified_gmt":"2026-03-15T14:57:41","slug":"kiymali-pide","status":"publish","type":"product","link":"https:\/\/www.aciktimizgara.com\/tr\/product\/kiymali-pide\/","title":{"rendered":"K\u0131ymal\u0131 Pide (Pide with minced meat)"},"content":{"rendered":"","protected":false},"excerpt":{"rendered":"<p>K\u0131yma, Domates, Ye\u015fil Biber, Kar\u0131\u015f\u0131k Baharatlar<\/p>\n","protected":false},"featured_media":186,"template":"","meta":{"hide_page_title":"","_coblocks_attr":"","_coblocks_dimensions":"","_coblocks_responsive_height":"","_coblocks_accordion_ie_support":""},"product_cat":[10],"product_tag":[],"_links":{"self":[{"href":"https:\/\/www.aciktimizgara.com\/tr\/wp-json\/wp\/v2\/product\/163"}],"collection":[{"href":"https:\/\/www.aciktimizgara.com\/tr\/wp-json\/wp\/v2\/product"}],"about":[{"href":"https:\/\/www.aciktimizgara.com\/tr\/wp-json\/wp\/v2\/types\/product"}],"wp:featuredmedia":[{"embeddable":true,"href":"https:\/\/www.aciktimizgara.com\/tr\/wp-json\/wp\/v2\/media\/186"}],"wp:attachment":[{"href":"https:\/\/www.aciktimizgara.com\/tr\/wp-json\/wp\/v2\/media?parent=163"}],"wp:term":[{"taxonomy":"product_cat","embeddable":true,"href":"https:\/\/www.aciktimizgara.com\/tr\/wp-json\/wp\/v2\/product_cat?post=163"},{"taxonomy":"product_tag","embeddable":true,"href":"https:\/\/www.aciktimizgara.com\/tr\/wp-json\/wp\/v2\/product_tag?post=163"}],"curies":[{"name":"wp","href":"https:\/\/api.w.org\/{rel}","templated":true}]}}