{"id":165,"date":"2023-03-22T17:00:04","date_gmt":"2023-03-22T17:00:04","guid":{"rendered":"http:\/\/www.aciktimizgara.com\/tr\/?post_type=product&#038;p=165"},"modified":"2026-03-15T14:57:23","modified_gmt":"2026-03-15T14:57:23","slug":"kiymali-kasarli-pide","status":"publish","type":"product","link":"https:\/\/www.aciktimizgara.com\/tr\/product\/kiymali-kasarli-pide\/","title":{"rendered":"K\u0131ymal\u0131 Ka\u015farl\u0131 Pide (Minced meat&#038;cheddar cheese pide)"},"content":{"rendered":"","protected":false},"excerpt":{"rendered":"<p>K\u0131yma, Ka\u015far Peyniri, Domates, Ye\u015fil Biber, Kar\u0131\u015f\u0131k Baharatlar<\/p>\n","protected":false},"featured_media":184,"template":"","meta":{"hide_page_title":"","_coblocks_attr":"","_coblocks_dimensions":"","_coblocks_responsive_height":"","_coblocks_accordion_ie_support":""},"product_cat":[10],"product_tag":[],"_links":{"self":[{"href":"https:\/\/www.aciktimizgara.com\/tr\/wp-json\/wp\/v2\/product\/165"}],"collection":[{"href":"https:\/\/www.aciktimizgara.com\/tr\/wp-json\/wp\/v2\/product"}],"about":[{"href":"https:\/\/www.aciktimizgara.com\/tr\/wp-json\/wp\/v2\/types\/product"}],"wp:featuredmedia":[{"embeddable":true,"href":"https:\/\/www.aciktimizgara.com\/tr\/wp-json\/wp\/v2\/media\/184"}],"wp:attachment":[{"href":"https:\/\/www.aciktimizgara.com\/tr\/wp-json\/wp\/v2\/media?parent=165"}],"wp:term":[{"taxonomy":"product_cat","embeddable":true,"href":"https:\/\/www.aciktimizgara.com\/tr\/wp-json\/wp\/v2\/product_cat?post=165"},{"taxonomy":"product_tag","embeddable":true,"href":"https:\/\/www.aciktimizgara.com\/tr\/wp-json\/wp\/v2\/product_tag?post=165"}],"curies":[{"name":"wp","href":"https:\/\/api.w.org\/{rel}","templated":true}]}}