{"id":167,"date":"2023-03-22T17:01:22","date_gmt":"2023-03-22T17:01:22","guid":{"rendered":"http:\/\/www.aciktimizgara.com\/tr\/?post_type=product&#038;p=167"},"modified":"2025-10-31T15:32:03","modified_gmt":"2025-10-31T15:32:03","slug":"kusbasili-kasarli-pide","status":"publish","type":"product","link":"https:\/\/www.aciktimizgara.com\/tr\/product\/kusbasili-kasarli-pide\/","title":{"rendered":"Ku\u015fba\u015f\u0131l\u0131 Ka\u015farl\u0131 Pide (Lamb&#038;cheddar pide"},"content":{"rendered":"","protected":false},"excerpt":{"rendered":"<p>Ku\u015fba\u015f\u0131 Et, Ka\u015far Peyniri, Domates, Ye\u015fil Biber, Kar\u0131\u015f\u0131k Baharatlar<\/p>\n","protected":false},"featured_media":182,"template":"","meta":{"hide_page_title":"","_coblocks_attr":"","_coblocks_dimensions":"","_coblocks_responsive_height":"","_coblocks_accordion_ie_support":""},"product_cat":[10],"product_tag":[],"_links":{"self":[{"href":"https:\/\/www.aciktimizgara.com\/tr\/wp-json\/wp\/v2\/product\/167"}],"collection":[{"href":"https:\/\/www.aciktimizgara.com\/tr\/wp-json\/wp\/v2\/product"}],"about":[{"href":"https:\/\/www.aciktimizgara.com\/tr\/wp-json\/wp\/v2\/types\/product"}],"wp:featuredmedia":[{"embeddable":true,"href":"https:\/\/www.aciktimizgara.com\/tr\/wp-json\/wp\/v2\/media\/182"}],"wp:attachment":[{"href":"https:\/\/www.aciktimizgara.com\/tr\/wp-json\/wp\/v2\/media?parent=167"}],"wp:term":[{"taxonomy":"product_cat","embeddable":true,"href":"https:\/\/www.aciktimizgara.com\/tr\/wp-json\/wp\/v2\/product_cat?post=167"},{"taxonomy":"product_tag","embeddable":true,"href":"https:\/\/www.aciktimizgara.com\/tr\/wp-json\/wp\/v2\/product_tag?post=167"}],"curies":[{"name":"wp","href":"https:\/\/api.w.org\/{rel}","templated":true}]}}