{"id":169,"date":"2023-03-22T17:02:20","date_gmt":"2023-03-22T17:02:20","guid":{"rendered":"http:\/\/www.aciktimizgara.com\/tr\/?post_type=product&#038;p=169"},"modified":"2025-10-31T15:31:35","modified_gmt":"2025-10-31T15:31:35","slug":"tavuklu-pide","status":"publish","type":"product","link":"https:\/\/www.aciktimizgara.com\/tr\/product\/tavuklu-pide\/","title":{"rendered":"Tavuklu Pide (Chicken pide)"},"content":{"rendered":"","protected":false},"excerpt":{"rendered":"<p>Tavuk Par\u00e7alar\u0131, Ye\u015fil Biber, Domates, Kar\u0131\u015f\u0131k Baharatlar<\/p>\n","protected":false},"featured_media":180,"template":"","meta":{"hide_page_title":"","_coblocks_attr":"","_coblocks_dimensions":"","_coblocks_responsive_height":"","_coblocks_accordion_ie_support":""},"product_cat":[10],"product_tag":[],"_links":{"self":[{"href":"https:\/\/www.aciktimizgara.com\/tr\/wp-json\/wp\/v2\/product\/169"}],"collection":[{"href":"https:\/\/www.aciktimizgara.com\/tr\/wp-json\/wp\/v2\/product"}],"about":[{"href":"https:\/\/www.aciktimizgara.com\/tr\/wp-json\/wp\/v2\/types\/product"}],"wp:featuredmedia":[{"embeddable":true,"href":"https:\/\/www.aciktimizgara.com\/tr\/wp-json\/wp\/v2\/media\/180"}],"wp:attachment":[{"href":"https:\/\/www.aciktimizgara.com\/tr\/wp-json\/wp\/v2\/media?parent=169"}],"wp:term":[{"taxonomy":"product_cat","embeddable":true,"href":"https:\/\/www.aciktimizgara.com\/tr\/wp-json\/wp\/v2\/product_cat?post=169"},{"taxonomy":"product_tag","embeddable":true,"href":"https:\/\/www.aciktimizgara.com\/tr\/wp-json\/wp\/v2\/product_tag?post=169"}],"curies":[{"name":"wp","href":"https:\/\/api.w.org\/{rel}","templated":true}]}}