{"id":170,"date":"2023-03-22T17:06:42","date_gmt":"2023-03-22T17:06:42","guid":{"rendered":"http:\/\/www.aciktimizgara.com\/tr\/?post_type=product&#038;p=170"},"modified":"2026-03-15T14:56:25","modified_gmt":"2026-03-15T14:56:25","slug":"tavuklu-kasarli-pide","status":"publish","type":"product","link":"https:\/\/www.aciktimizgara.com\/tr\/product\/tavuklu-kasarli-pide\/","title":{"rendered":"Tavuklu Ka\u015farl\u0131 Pide (Chicken Cheddar pide)"},"content":{"rendered":"","protected":false},"excerpt":{"rendered":"<p>Tavuk, Ka\u015far Peyniri, Domates, Ye\u015fil Biber, Kar\u0131\u015f\u0131k Baharat<\/p>\n","protected":false},"featured_media":179,"template":"","meta":{"hide_page_title":"","_coblocks_attr":"","_coblocks_dimensions":"","_coblocks_responsive_height":"","_coblocks_accordion_ie_support":""},"product_cat":[10],"product_tag":[],"_links":{"self":[{"href":"https:\/\/www.aciktimizgara.com\/tr\/wp-json\/wp\/v2\/product\/170"}],"collection":[{"href":"https:\/\/www.aciktimizgara.com\/tr\/wp-json\/wp\/v2\/product"}],"about":[{"href":"https:\/\/www.aciktimizgara.com\/tr\/wp-json\/wp\/v2\/types\/product"}],"wp:featuredmedia":[{"embeddable":true,"href":"https:\/\/www.aciktimizgara.com\/tr\/wp-json\/wp\/v2\/media\/179"}],"wp:attachment":[{"href":"https:\/\/www.aciktimizgara.com\/tr\/wp-json\/wp\/v2\/media?parent=170"}],"wp:term":[{"taxonomy":"product_cat","embeddable":true,"href":"https:\/\/www.aciktimizgara.com\/tr\/wp-json\/wp\/v2\/product_cat?post=170"},{"taxonomy":"product_tag","embeddable":true,"href":"https:\/\/www.aciktimizgara.com\/tr\/wp-json\/wp\/v2\/product_tag?post=170"}],"curies":[{"name":"wp","href":"https:\/\/api.w.org\/{rel}","templated":true}]}}