{"id":172,"date":"2023-03-22T17:09:45","date_gmt":"2023-03-22T17:09:45","guid":{"rendered":"http:\/\/www.aciktimizgara.com\/tr\/?post_type=product&#038;p=172"},"modified":"2026-03-15T14:55:51","modified_gmt":"2026-03-15T14:55:51","slug":"ispanakli-peynirli-pide","status":"publish","type":"product","link":"https:\/\/www.aciktimizgara.com\/tr\/product\/ispanakli-peynirli-pide\/","title":{"rendered":"Ispanakl\u0131 Peynirli Pide (spinach white cheese pide)"},"content":{"rendered":"","protected":false},"excerpt":{"rendered":"<p>Ispanak, Peynir, Ye\u015fil Biber, Domates, Kar\u0131\u015f\u0131k Baharatlar<\/p>\n","protected":false},"featured_media":177,"template":"","meta":{"hide_page_title":"","_coblocks_attr":"","_coblocks_dimensions":"","_coblocks_responsive_height":"","_coblocks_accordion_ie_support":""},"product_cat":[10],"product_tag":[],"_links":{"self":[{"href":"https:\/\/www.aciktimizgara.com\/tr\/wp-json\/wp\/v2\/product\/172"}],"collection":[{"href":"https:\/\/www.aciktimizgara.com\/tr\/wp-json\/wp\/v2\/product"}],"about":[{"href":"https:\/\/www.aciktimizgara.com\/tr\/wp-json\/wp\/v2\/types\/product"}],"wp:featuredmedia":[{"embeddable":true,"href":"https:\/\/www.aciktimizgara.com\/tr\/wp-json\/wp\/v2\/media\/177"}],"wp:attachment":[{"href":"https:\/\/www.aciktimizgara.com\/tr\/wp-json\/wp\/v2\/media?parent=172"}],"wp:term":[{"taxonomy":"product_cat","embeddable":true,"href":"https:\/\/www.aciktimizgara.com\/tr\/wp-json\/wp\/v2\/product_cat?post=172"},{"taxonomy":"product_tag","embeddable":true,"href":"https:\/\/www.aciktimizgara.com\/tr\/wp-json\/wp\/v2\/product_tag?post=172"}],"curies":[{"name":"wp","href":"https:\/\/api.w.org\/{rel}","templated":true}]}}