{"id":174,"date":"2023-03-22T17:10:50","date_gmt":"2023-03-22T17:10:50","guid":{"rendered":"http:\/\/www.aciktimizgara.com\/tr\/?post_type=product&#038;p=174"},"modified":"2026-03-15T14:55:26","modified_gmt":"2026-03-15T14:55:26","slug":"kavurmali-kasarli-pide","status":"publish","type":"product","link":"https:\/\/www.aciktimizgara.com\/tr\/product\/kavurmali-kasarli-pide\/","title":{"rendered":"Kavurmal\u0131 Ka\u015farl\u0131 Pide (Roasted meat yellow cheese pide)"},"content":{"rendered":"","protected":false},"excerpt":{"rendered":"<p>Kavurma Et, Ka\u015far Peyniri<\/p>\n","protected":false},"featured_media":175,"template":"","meta":{"hide_page_title":"","_coblocks_attr":"","_coblocks_dimensions":"","_coblocks_responsive_height":"","_coblocks_accordion_ie_support":""},"product_cat":[10],"product_tag":[],"_links":{"self":[{"href":"https:\/\/www.aciktimizgara.com\/tr\/wp-json\/wp\/v2\/product\/174"}],"collection":[{"href":"https:\/\/www.aciktimizgara.com\/tr\/wp-json\/wp\/v2\/product"}],"about":[{"href":"https:\/\/www.aciktimizgara.com\/tr\/wp-json\/wp\/v2\/types\/product"}],"wp:featuredmedia":[{"embeddable":true,"href":"https:\/\/www.aciktimizgara.com\/tr\/wp-json\/wp\/v2\/media\/175"}],"wp:attachment":[{"href":"https:\/\/www.aciktimizgara.com\/tr\/wp-json\/wp\/v2\/media?parent=174"}],"wp:term":[{"taxonomy":"product_cat","embeddable":true,"href":"https:\/\/www.aciktimizgara.com\/tr\/wp-json\/wp\/v2\/product_cat?post=174"},{"taxonomy":"product_tag","embeddable":true,"href":"https:\/\/www.aciktimizgara.com\/tr\/wp-json\/wp\/v2\/product_tag?post=174"}],"curies":[{"name":"wp","href":"https:\/\/api.w.org\/{rel}","templated":true}]}}