{"id":188,"date":"2023-03-22T17:33:36","date_gmt":"2023-03-22T17:33:36","guid":{"rendered":"http:\/\/www.aciktimizgara.com\/tr\/?post_type=product&#038;p=188"},"modified":"2026-03-15T14:54:58","modified_gmt":"2026-03-15T14:54:58","slug":"firinda-kunefe","status":"publish","type":"product","link":"https:\/\/www.aciktimizgara.com\/tr\/product\/firinda-kunefe\/","title":{"rendered":"F\u0131r\u0131nda K\u00fcnefe (owen baked kunafa)"},"content":{"rendered":"","protected":false},"excerpt":{"rendered":"<p>8 TL Fark ile dondurma ilave edebilirsiniz.<\/p>\n","protected":false},"featured_media":195,"template":"","meta":{"hide_page_title":"","_coblocks_attr":"","_coblocks_dimensions":"","_coblocks_responsive_height":"","_coblocks_accordion_ie_support":""},"product_cat":[12],"product_tag":[],"_links":{"self":[{"href":"https:\/\/www.aciktimizgara.com\/tr\/wp-json\/wp\/v2\/product\/188"}],"collection":[{"href":"https:\/\/www.aciktimizgara.com\/tr\/wp-json\/wp\/v2\/product"}],"about":[{"href":"https:\/\/www.aciktimizgara.com\/tr\/wp-json\/wp\/v2\/types\/product"}],"wp:featuredmedia":[{"embeddable":true,"href":"https:\/\/www.aciktimizgara.com\/tr\/wp-json\/wp\/v2\/media\/195"}],"wp:attachment":[{"href":"https:\/\/www.aciktimizgara.com\/tr\/wp-json\/wp\/v2\/media?parent=188"}],"wp:term":[{"taxonomy":"product_cat","embeddable":true,"href":"https:\/\/www.aciktimizgara.com\/tr\/wp-json\/wp\/v2\/product_cat?post=188"},{"taxonomy":"product_tag","embeddable":true,"href":"https:\/\/www.aciktimizgara.com\/tr\/wp-json\/wp\/v2\/product_tag?post=188"}],"curies":[{"name":"wp","href":"https:\/\/api.w.org\/{rel}","templated":true}]}}