{"id":189,"date":"2023-03-22T17:34:02","date_gmt":"2023-03-22T17:34:02","guid":{"rendered":"http:\/\/www.aciktimizgara.com\/tr\/?post_type=product&#038;p=189"},"modified":"2026-03-15T14:54:48","modified_gmt":"2026-03-15T14:54:48","slug":"firinda-fistikli-burma","status":"publish","type":"product","link":"https:\/\/www.aciktimizgara.com\/tr\/product\/firinda-fistikli-burma\/","title":{"rendered":"F\u0131r\u0131nda F\u0131st\u0131kl\u0131 Burma"},"content":{"rendered":"","protected":false},"excerpt":{"rendered":"<p>8 TL Fark ile dondurma ilave edebilirsiniz.<\/p>\n","protected":false},"featured_media":194,"template":"","meta":{"hide_page_title":"","_coblocks_attr":"","_coblocks_dimensions":"","_coblocks_responsive_height":"","_coblocks_accordion_ie_support":""},"product_cat":[12],"product_tag":[],"_links":{"self":[{"href":"https:\/\/www.aciktimizgara.com\/tr\/wp-json\/wp\/v2\/product\/189"}],"collection":[{"href":"https:\/\/www.aciktimizgara.com\/tr\/wp-json\/wp\/v2\/product"}],"about":[{"href":"https:\/\/www.aciktimizgara.com\/tr\/wp-json\/wp\/v2\/types\/product"}],"wp:featuredmedia":[{"embeddable":true,"href":"https:\/\/www.aciktimizgara.com\/tr\/wp-json\/wp\/v2\/media\/194"}],"wp:attachment":[{"href":"https:\/\/www.aciktimizgara.com\/tr\/wp-json\/wp\/v2\/media?parent=189"}],"wp:term":[{"taxonomy":"product_cat","embeddable":true,"href":"https:\/\/www.aciktimizgara.com\/tr\/wp-json\/wp\/v2\/product_cat?post=189"},{"taxonomy":"product_tag","embeddable":true,"href":"https:\/\/www.aciktimizgara.com\/tr\/wp-json\/wp\/v2\/product_tag?post=189"}],"curies":[{"name":"wp","href":"https:\/\/api.w.org\/{rel}","templated":true}]}}