{"id":201,"date":"2023-03-22T17:44:40","date_gmt":"2023-03-22T17:44:40","guid":{"rendered":"http:\/\/www.aciktimizgara.com\/tr\/?post_type=product&#038;p=201"},"modified":"2025-01-24T15:28:52","modified_gmt":"2025-01-24T15:28:52","slug":"acili-acisiz-salgam-suyu","status":"publish","type":"product","link":"https:\/\/www.aciktimizgara.com\/tr\/product\/acili-acisiz-salgam-suyu\/","title":{"rendered":"Ac\u0131l\u0131 \/ Ac\u0131s\u0131z \u015ealgam Suyu (Turnip ju\u0131ce)"},"content":{"rendered":"","protected":false},"excerpt":{"rendered":"","protected":false},"featured_media":208,"template":"","meta":{"hide_page_title":"","_coblocks_attr":"","_coblocks_dimensions":"","_coblocks_responsive_height":"","_coblocks_accordion_ie_support":""},"product_cat":[14],"product_tag":[],"_links":{"self":[{"href":"https:\/\/www.aciktimizgara.com\/tr\/wp-json\/wp\/v2\/product\/201"}],"collection":[{"href":"https:\/\/www.aciktimizgara.com\/tr\/wp-json\/wp\/v2\/product"}],"about":[{"href":"https:\/\/www.aciktimizgara.com\/tr\/wp-json\/wp\/v2\/types\/product"}],"wp:featuredmedia":[{"embeddable":true,"href":"https:\/\/www.aciktimizgara.com\/tr\/wp-json\/wp\/v2\/media\/208"}],"wp:attachment":[{"href":"https:\/\/www.aciktimizgara.com\/tr\/wp-json\/wp\/v2\/media?parent=201"}],"wp:term":[{"taxonomy":"product_cat","embeddable":true,"href":"https:\/\/www.aciktimizgara.com\/tr\/wp-json\/wp\/v2\/product_cat?post=201"},{"taxonomy":"product_tag","embeddable":true,"href":"https:\/\/www.aciktimizgara.com\/tr\/wp-json\/wp\/v2\/product_tag?post=201"}],"curies":[{"name":"wp","href":"https:\/\/api.w.org\/{rel}","templated":true}]}}