{"id":217,"date":"2023-03-22T18:01:44","date_gmt":"2023-03-22T18:01:44","guid":{"rendered":"http:\/\/www.aciktimizgara.com\/tr\/?post_type=product&#038;p=217"},"modified":"2026-03-15T14:52:43","modified_gmt":"2026-03-15T14:52:43","slug":"kuzu-sis-durum","status":"publish","type":"product","link":"https:\/\/www.aciktimizgara.com\/tr\/product\/kuzu-sis-durum\/","title":{"rendered":"Kuzu \u015ei\u015f D\u00fcr\u00fcm (Lamb shish wrap)"},"content":{"rendered":"","protected":false},"excerpt":{"rendered":"<p>Kuzu \u015ei\u015f, Marul, Domates, So\u011fan<\/p>\n","protected":false},"featured_media":230,"template":"","meta":{"hide_page_title":"","_coblocks_attr":"","_coblocks_dimensions":"","_coblocks_responsive_height":"","_coblocks_accordion_ie_support":""},"product_cat":[8],"product_tag":[],"_links":{"self":[{"href":"https:\/\/www.aciktimizgara.com\/tr\/wp-json\/wp\/v2\/product\/217"}],"collection":[{"href":"https:\/\/www.aciktimizgara.com\/tr\/wp-json\/wp\/v2\/product"}],"about":[{"href":"https:\/\/www.aciktimizgara.com\/tr\/wp-json\/wp\/v2\/types\/product"}],"wp:featuredmedia":[{"embeddable":true,"href":"https:\/\/www.aciktimizgara.com\/tr\/wp-json\/wp\/v2\/media\/230"}],"wp:attachment":[{"href":"https:\/\/www.aciktimizgara.com\/tr\/wp-json\/wp\/v2\/media?parent=217"}],"wp:term":[{"taxonomy":"product_cat","embeddable":true,"href":"https:\/\/www.aciktimizgara.com\/tr\/wp-json\/wp\/v2\/product_cat?post=217"},{"taxonomy":"product_tag","embeddable":true,"href":"https:\/\/www.aciktimizgara.com\/tr\/wp-json\/wp\/v2\/product_tag?post=217"}],"curies":[{"name":"wp","href":"https:\/\/api.w.org\/{rel}","templated":true}]}}