{"id":234,"date":"2023-03-23T03:52:23","date_gmt":"2023-03-23T03:52:23","guid":{"rendered":"http:\/\/www.aciktimizgara.com\/tr\/?post_type=product&#038;p=234"},"modified":"2026-03-15T14:51:10","modified_gmt":"2026-03-15T14:51:10","slug":"tavuk-izgara","status":"publish","type":"product","link":"https:\/\/www.aciktimizgara.com\/tr\/product\/tavuk-izgara\/","title":{"rendered":"Tavuk Izgara (Grilled chicken)"},"content":{"rendered":"","protected":false},"excerpt":{"rendered":"<p>Soslanm\u0131\u015f tavuk, t\u0131rnak pidesi, k\u00f6zlenmi\u015f domates &#8211; biber &#8211; so\u011fan, bulgur pilav\u0131 ve domates sosu ile servis edilir.<\/p>\n","protected":false},"featured_media":281,"template":"","meta":{"hide_page_title":"","_coblocks_attr":"","_coblocks_dimensions":"","_coblocks_responsive_height":"","_coblocks_accordion_ie_support":""},"product_cat":[6],"product_tag":[],"_links":{"self":[{"href":"https:\/\/www.aciktimizgara.com\/tr\/wp-json\/wp\/v2\/product\/234"}],"collection":[{"href":"https:\/\/www.aciktimizgara.com\/tr\/wp-json\/wp\/v2\/product"}],"about":[{"href":"https:\/\/www.aciktimizgara.com\/tr\/wp-json\/wp\/v2\/types\/product"}],"wp:featuredmedia":[{"embeddable":true,"href":"https:\/\/www.aciktimizgara.com\/tr\/wp-json\/wp\/v2\/media\/281"}],"wp:attachment":[{"href":"https:\/\/www.aciktimizgara.com\/tr\/wp-json\/wp\/v2\/media?parent=234"}],"wp:term":[{"taxonomy":"product_cat","embeddable":true,"href":"https:\/\/www.aciktimizgara.com\/tr\/wp-json\/wp\/v2\/product_cat?post=234"},{"taxonomy":"product_tag","embeddable":true,"href":"https:\/\/www.aciktimizgara.com\/tr\/wp-json\/wp\/v2\/product_tag?post=234"}],"curies":[{"name":"wp","href":"https:\/\/api.w.org\/{rel}","templated":true}]}}