{"id":235,"date":"2023-03-23T03:53:29","date_gmt":"2023-03-23T03:53:29","guid":{"rendered":"http:\/\/www.aciktimizgara.com\/tr\/?post_type=product&#038;p=235"},"modified":"2026-03-15T14:50:59","modified_gmt":"2026-03-15T14:50:59","slug":"kasarli-tavuk-izgara","status":"publish","type":"product","link":"https:\/\/www.aciktimizgara.com\/tr\/product\/kasarli-tavuk-izgara\/","title":{"rendered":"Ka\u015farl\u0131 Tavuk Izgara (Griiled chicken with yellow cheese)"},"content":{"rendered":"","protected":false},"excerpt":{"rendered":"<p>Soslanm\u0131\u015f tavuk \u00fczerine eritilmi\u015f ka\u015far peyniri, t\u0131rnakl\u0131 pidesi, k\u00f6zlenmi\u015f domates, biber, so\u011fan, bulgur pilav\u0131 ve domates sosuyla servis edilir.<\/p>\n","protected":false},"featured_media":279,"template":"","meta":{"hide_page_title":"","_coblocks_attr":"","_coblocks_dimensions":"","_coblocks_responsive_height":"","_coblocks_accordion_ie_support":""},"product_cat":[6],"product_tag":[],"_links":{"self":[{"href":"https:\/\/www.aciktimizgara.com\/tr\/wp-json\/wp\/v2\/product\/235"}],"collection":[{"href":"https:\/\/www.aciktimizgara.com\/tr\/wp-json\/wp\/v2\/product"}],"about":[{"href":"https:\/\/www.aciktimizgara.com\/tr\/wp-json\/wp\/v2\/types\/product"}],"wp:featuredmedia":[{"embeddable":true,"href":"https:\/\/www.aciktimizgara.com\/tr\/wp-json\/wp\/v2\/media\/279"}],"wp:attachment":[{"href":"https:\/\/www.aciktimizgara.com\/tr\/wp-json\/wp\/v2\/media?parent=235"}],"wp:term":[{"taxonomy":"product_cat","embeddable":true,"href":"https:\/\/www.aciktimizgara.com\/tr\/wp-json\/wp\/v2\/product_cat?post=235"},{"taxonomy":"product_tag","embeddable":true,"href":"https:\/\/www.aciktimizgara.com\/tr\/wp-json\/wp\/v2\/product_tag?post=235"}],"curies":[{"name":"wp","href":"https:\/\/api.w.org\/{rel}","templated":true}]}}