{"id":236,"date":"2023-03-23T03:55:06","date_gmt":"2023-03-23T03:55:06","guid":{"rendered":"http:\/\/www.aciktimizgara.com\/tr\/?post_type=product&#038;p=236"},"modified":"2026-03-15T14:50:43","modified_gmt":"2026-03-15T14:50:43","slug":"kasarli-ve-mantarli-tavuk-izgara","status":"publish","type":"product","link":"https:\/\/www.aciktimizgara.com\/tr\/product\/kasarli-ve-mantarli-tavuk-izgara\/","title":{"rendered":"Ka\u015farl\u0131 ve Mantarl\u0131 Tavuk Izgara (Grilled chicken with  yellow cheese and mushroom"},"content":{"rendered":"","protected":false},"excerpt":{"rendered":"<p>Soslanm\u0131\u015f tavuk, \u00fczerine eritilmi\u015f ka\u015far peyniri ve mantar\u0131yla, pide, k\u00f6zlenmi\u015f domates, k\u00f6zlenmi\u015f biber, k\u00f6zlenmi\u015f so\u011fan, bulgur pilav\u0131 ve \u00f6zel domates sosu ile servis edilmektedir.<\/p>\n","protected":false},"featured_media":282,"template":"","meta":{"hide_page_title":"","_coblocks_attr":"","_coblocks_dimensions":"","_coblocks_responsive_height":"","_coblocks_accordion_ie_support":""},"product_cat":[6],"product_tag":[],"_links":{"self":[{"href":"https:\/\/www.aciktimizgara.com\/tr\/wp-json\/wp\/v2\/product\/236"}],"collection":[{"href":"https:\/\/www.aciktimizgara.com\/tr\/wp-json\/wp\/v2\/product"}],"about":[{"href":"https:\/\/www.aciktimizgara.com\/tr\/wp-json\/wp\/v2\/types\/product"}],"wp:featuredmedia":[{"embeddable":true,"href":"https:\/\/www.aciktimizgara.com\/tr\/wp-json\/wp\/v2\/media\/282"}],"wp:attachment":[{"href":"https:\/\/www.aciktimizgara.com\/tr\/wp-json\/wp\/v2\/media?parent=236"}],"wp:term":[{"taxonomy":"product_cat","embeddable":true,"href":"https:\/\/www.aciktimizgara.com\/tr\/wp-json\/wp\/v2\/product_cat?post=236"},{"taxonomy":"product_tag","embeddable":true,"href":"https:\/\/www.aciktimizgara.com\/tr\/wp-json\/wp\/v2\/product_tag?post=236"}],"curies":[{"name":"wp","href":"https:\/\/api.w.org\/{rel}","templated":true}]}}