{"id":238,"date":"2023-03-23T03:57:18","date_gmt":"2023-03-23T03:57:18","guid":{"rendered":"http:\/\/www.aciktimizgara.com\/tr\/?post_type=product&#038;p=238"},"modified":"2026-03-15T14:50:02","modified_gmt":"2026-03-15T14:50:02","slug":"kuzu-sis","status":"publish","type":"product","link":"https:\/\/www.aciktimizgara.com\/tr\/product\/kuzu-sis\/","title":{"rendered":"Kuzu \u015ei\u015f (Lamb Shish)"},"content":{"rendered":"","protected":false},"excerpt":{"rendered":"<p>Kuzu eti, pide, k\u00f6zlenmi\u015f domates &#8211; biber &#8211; so\u011fan, bulgur pilav\u0131 ve \u00f6zel domates sosu ile servis edilir.<\/p>\n","protected":false},"featured_media":266,"template":"","meta":{"hide_page_title":"","_coblocks_attr":"","_coblocks_dimensions":"","_coblocks_responsive_height":"","_coblocks_accordion_ie_support":""},"product_cat":[6],"product_tag":[],"_links":{"self":[{"href":"https:\/\/www.aciktimizgara.com\/tr\/wp-json\/wp\/v2\/product\/238"}],"collection":[{"href":"https:\/\/www.aciktimizgara.com\/tr\/wp-json\/wp\/v2\/product"}],"about":[{"href":"https:\/\/www.aciktimizgara.com\/tr\/wp-json\/wp\/v2\/types\/product"}],"wp:featuredmedia":[{"embeddable":true,"href":"https:\/\/www.aciktimizgara.com\/tr\/wp-json\/wp\/v2\/media\/266"}],"wp:attachment":[{"href":"https:\/\/www.aciktimizgara.com\/tr\/wp-json\/wp\/v2\/media?parent=238"}],"wp:term":[{"taxonomy":"product_cat","embeddable":true,"href":"https:\/\/www.aciktimizgara.com\/tr\/wp-json\/wp\/v2\/product_cat?post=238"},{"taxonomy":"product_tag","embeddable":true,"href":"https:\/\/www.aciktimizgara.com\/tr\/wp-json\/wp\/v2\/product_tag?post=238"}],"curies":[{"name":"wp","href":"https:\/\/api.w.org\/{rel}","templated":true}]}}