{"id":239,"date":"2023-03-23T03:58:25","date_gmt":"2023-03-23T03:58:25","guid":{"rendered":"http:\/\/www.aciktimizgara.com\/tr\/?post_type=product&#038;p=239"},"modified":"2026-03-15T14:49:47","modified_gmt":"2026-03-15T14:49:47","slug":"ciger-sis","status":"publish","type":"product","link":"https:\/\/www.aciktimizgara.com\/tr\/product\/ciger-sis\/","title":{"rendered":"Ci\u011fer \u015ei\u015f (Liver shish)"},"content":{"rendered":"","protected":false},"excerpt":{"rendered":"<p>Ci\u011fer, t\u0131rnakl\u0131 pidesi, k\u00f6zlenmi\u015f domates &#8211; biber &#8211; so\u011fan, bulgur pilav\u0131 ve domates sosu ile sunulmaktad\u0131r.<\/p>\n","protected":false},"featured_media":268,"template":"","meta":{"hide_page_title":"","_coblocks_attr":"","_coblocks_dimensions":"","_coblocks_responsive_height":"","_coblocks_accordion_ie_support":""},"product_cat":[6],"product_tag":[],"_links":{"self":[{"href":"https:\/\/www.aciktimizgara.com\/tr\/wp-json\/wp\/v2\/product\/239"}],"collection":[{"href":"https:\/\/www.aciktimizgara.com\/tr\/wp-json\/wp\/v2\/product"}],"about":[{"href":"https:\/\/www.aciktimizgara.com\/tr\/wp-json\/wp\/v2\/types\/product"}],"wp:featuredmedia":[{"embeddable":true,"href":"https:\/\/www.aciktimizgara.com\/tr\/wp-json\/wp\/v2\/media\/268"}],"wp:attachment":[{"href":"https:\/\/www.aciktimizgara.com\/tr\/wp-json\/wp\/v2\/media?parent=239"}],"wp:term":[{"taxonomy":"product_cat","embeddable":true,"href":"https:\/\/www.aciktimizgara.com\/tr\/wp-json\/wp\/v2\/product_cat?post=239"},{"taxonomy":"product_tag","embeddable":true,"href":"https:\/\/www.aciktimizgara.com\/tr\/wp-json\/wp\/v2\/product_tag?post=239"}],"curies":[{"name":"wp","href":"https:\/\/api.w.org\/{rel}","templated":true}]}}