{"id":240,"date":"2023-03-23T03:59:43","date_gmt":"2023-03-23T03:59:43","guid":{"rendered":"http:\/\/www.aciktimizgara.com\/tr\/?post_type=product&#038;p=240"},"modified":"2025-10-31T15:24:49","modified_gmt":"2025-10-31T15:24:49","slug":"kuzu-pirzola","status":"publish","type":"product","link":"https:\/\/www.aciktimizgara.com\/tr\/product\/kuzu-pirzola\/","title":{"rendered":"Kuzu Pirzola (Lamb Chops)"},"content":{"rendered":"","protected":false},"excerpt":{"rendered":"<p>Kuzu Pirzola, pide, k\u00f6zlenmi\u015f domates, k\u00f6zlenmi\u015f biber, k\u00f6zlenmi\u015f so\u011fan, bulgur pilav\u0131 ve \u00f6zel domates sosu ile birlikte servis edilir.<\/p>\n","protected":false},"featured_media":260,"template":"","meta":{"hide_page_title":"","_coblocks_attr":"","_coblocks_dimensions":"","_coblocks_responsive_height":"","_coblocks_accordion_ie_support":""},"product_cat":[6],"product_tag":[],"_links":{"self":[{"href":"https:\/\/www.aciktimizgara.com\/tr\/wp-json\/wp\/v2\/product\/240"}],"collection":[{"href":"https:\/\/www.aciktimizgara.com\/tr\/wp-json\/wp\/v2\/product"}],"about":[{"href":"https:\/\/www.aciktimizgara.com\/tr\/wp-json\/wp\/v2\/types\/product"}],"wp:featuredmedia":[{"embeddable":true,"href":"https:\/\/www.aciktimizgara.com\/tr\/wp-json\/wp\/v2\/media\/260"}],"wp:attachment":[{"href":"https:\/\/www.aciktimizgara.com\/tr\/wp-json\/wp\/v2\/media?parent=240"}],"wp:term":[{"taxonomy":"product_cat","embeddable":true,"href":"https:\/\/www.aciktimizgara.com\/tr\/wp-json\/wp\/v2\/product_cat?post=240"},{"taxonomy":"product_tag","embeddable":true,"href":"https:\/\/www.aciktimizgara.com\/tr\/wp-json\/wp\/v2\/product_tag?post=240"}],"curies":[{"name":"wp","href":"https:\/\/api.w.org\/{rel}","templated":true}]}}