{"id":241,"date":"2023-03-23T04:00:09","date_gmt":"2023-03-23T04:00:09","guid":{"rendered":"http:\/\/www.aciktimizgara.com\/tr\/?post_type=product&#038;p=241"},"modified":"2025-10-31T15:24:35","modified_gmt":"2025-10-31T15:24:35","slug":"dana-antrikot","status":"publish","type":"product","link":"https:\/\/www.aciktimizgara.com\/tr\/product\/dana-antrikot\/","title":{"rendered":"Dana Antrikot (Beef entrecote)"},"content":{"rendered":"","protected":false},"excerpt":{"rendered":"<p>Dana Antrikot, pide, k\u00f6zlenmi\u015f domates, k\u00f6zlenmi\u015f biber, k\u00f6zlenmi\u015f so\u011fan, bulgur pilav\u0131 ve \u00f6zel domates sosu ile birlikte servis edilir.<\/p>\n","protected":false},"featured_media":275,"template":"","meta":{"hide_page_title":"","_coblocks_attr":"","_coblocks_dimensions":"","_coblocks_responsive_height":"","_coblocks_accordion_ie_support":""},"product_cat":[6],"product_tag":[],"_links":{"self":[{"href":"https:\/\/www.aciktimizgara.com\/tr\/wp-json\/wp\/v2\/product\/241"}],"collection":[{"href":"https:\/\/www.aciktimizgara.com\/tr\/wp-json\/wp\/v2\/product"}],"about":[{"href":"https:\/\/www.aciktimizgara.com\/tr\/wp-json\/wp\/v2\/types\/product"}],"wp:featuredmedia":[{"embeddable":true,"href":"https:\/\/www.aciktimizgara.com\/tr\/wp-json\/wp\/v2\/media\/275"}],"wp:attachment":[{"href":"https:\/\/www.aciktimizgara.com\/tr\/wp-json\/wp\/v2\/media?parent=241"}],"wp:term":[{"taxonomy":"product_cat","embeddable":true,"href":"https:\/\/www.aciktimizgara.com\/tr\/wp-json\/wp\/v2\/product_cat?post=241"},{"taxonomy":"product_tag","embeddable":true,"href":"https:\/\/www.aciktimizgara.com\/tr\/wp-json\/wp\/v2\/product_tag?post=241"}],"curies":[{"name":"wp","href":"https:\/\/api.w.org\/{rel}","templated":true}]}}