{"id":243,"date":"2023-03-23T04:02:09","date_gmt":"2023-03-23T04:02:09","guid":{"rendered":"http:\/\/www.aciktimizgara.com\/tr\/?post_type=product&#038;p=243"},"modified":"2026-03-15T14:48:59","modified_gmt":"2026-03-15T14:48:59","slug":"karisik-izgara-2-kisilik","status":"publish","type":"product","link":"https:\/\/www.aciktimizgara.com\/tr\/product\/karisik-izgara-2-kisilik\/","title":{"rendered":"Kar\u0131\u015f\u0131k Izgara (2 Ki\u015filik) (mix grill for 2 person)"},"content":{"rendered":"","protected":false},"excerpt":{"rendered":"<ul>\n<li>1\/2 porsiyon Kuzu \u015ei\u015f<\/li>\n<li>1\/2 Porsiyon Kasap Sucuk<\/li>\n<li>1\/2 Porsiyon Ci\u011fer \u015ei\u015f<\/li>\n<li>1\/2 Porsiyon Tavuk \u015ei\u015f<\/li>\n<li>1\/2 Porsiyon Kebap<\/li>\n<li>1\/2 Izgara K\u00f6fte<\/li>\n<\/ul>\n","protected":false},"featured_media":265,"template":"","meta":{"hide_page_title":"","_coblocks_attr":"","_coblocks_dimensions":"","_coblocks_responsive_height":"","_coblocks_accordion_ie_support":""},"product_cat":[6],"product_tag":[],"_links":{"self":[{"href":"https:\/\/www.aciktimizgara.com\/tr\/wp-json\/wp\/v2\/product\/243"}],"collection":[{"href":"https:\/\/www.aciktimizgara.com\/tr\/wp-json\/wp\/v2\/product"}],"about":[{"href":"https:\/\/www.aciktimizgara.com\/tr\/wp-json\/wp\/v2\/types\/product"}],"wp:featuredmedia":[{"embeddable":true,"href":"https:\/\/www.aciktimizgara.com\/tr\/wp-json\/wp\/v2\/media\/265"}],"wp:attachment":[{"href":"https:\/\/www.aciktimizgara.com\/tr\/wp-json\/wp\/v2\/media?parent=243"}],"wp:term":[{"taxonomy":"product_cat","embeddable":true,"href":"https:\/\/www.aciktimizgara.com\/tr\/wp-json\/wp\/v2\/product_cat?post=243"},{"taxonomy":"product_tag","embeddable":true,"href":"https:\/\/www.aciktimizgara.com\/tr\/wp-json\/wp\/v2\/product_tag?post=243"}],"curies":[{"name":"wp","href":"https:\/\/api.w.org\/{rel}","templated":true}]}}