{"id":244,"date":"2023-03-23T04:04:38","date_gmt":"2023-03-23T04:04:38","guid":{"rendered":"http:\/\/www.aciktimizgara.com\/tr\/?post_type=product&#038;p=244"},"modified":"2026-03-15T14:48:44","modified_gmt":"2026-03-15T14:48:44","slug":"karisik-izgara-4-kisilik","status":"publish","type":"product","link":"https:\/\/www.aciktimizgara.com\/tr\/product\/karisik-izgara-4-kisilik\/","title":{"rendered":"Kar\u0131\u015f\u0131k Izgara (4 Ki\u015filik) (mix grill for 4 person"},"content":{"rendered":"","protected":false},"excerpt":{"rendered":"<ul>\n<li>1 porsiyon Kuzu Pirzola<\/li>\n<li>1\/2 porsiyon Kuzu \u015ei\u015f<\/li>\n<li>1 Porsiyon Kebap<\/li>\n<li>1\/2 Porsiyon Ci\u011fer \u015ei\u015f<\/li>\n<li>1 Porsiyon Izgara K\u00f6fte<\/li>\n<li>1 Porsiyon Tavuk \u015ei\u015f<\/li>\n<li>Lahmacun<\/li>\n<\/ul>\n","protected":false},"featured_media":263,"template":"","meta":{"hide_page_title":"","_coblocks_attr":"","_coblocks_dimensions":"","_coblocks_responsive_height":"","_coblocks_accordion_ie_support":""},"product_cat":[6],"product_tag":[],"_links":{"self":[{"href":"https:\/\/www.aciktimizgara.com\/tr\/wp-json\/wp\/v2\/product\/244"}],"collection":[{"href":"https:\/\/www.aciktimizgara.com\/tr\/wp-json\/wp\/v2\/product"}],"about":[{"href":"https:\/\/www.aciktimizgara.com\/tr\/wp-json\/wp\/v2\/types\/product"}],"wp:featuredmedia":[{"embeddable":true,"href":"https:\/\/www.aciktimizgara.com\/tr\/wp-json\/wp\/v2\/media\/263"}],"wp:attachment":[{"href":"https:\/\/www.aciktimizgara.com\/tr\/wp-json\/wp\/v2\/media?parent=244"}],"wp:term":[{"taxonomy":"product_cat","embeddable":true,"href":"https:\/\/www.aciktimizgara.com\/tr\/wp-json\/wp\/v2\/product_cat?post=244"},{"taxonomy":"product_tag","embeddable":true,"href":"https:\/\/www.aciktimizgara.com\/tr\/wp-json\/wp\/v2\/product_tag?post=244"}],"curies":[{"name":"wp","href":"https:\/\/api.w.org\/{rel}","templated":true}]}}