{"id":245,"date":"2023-03-23T04:05:25","date_gmt":"2023-03-23T04:05:25","guid":{"rendered":"http:\/\/www.aciktimizgara.com\/tr\/?post_type=product&#038;p=245"},"modified":"2026-03-15T14:48:24","modified_gmt":"2026-03-15T14:48:24","slug":"izgara-firin-cupra","status":"publish","type":"product","link":"https:\/\/www.aciktimizgara.com\/tr\/product\/izgara-firin-cupra\/","title":{"rendered":"Izgara \/ F\u0131r\u0131n \u00c7upra (Grilled seabream)"},"content":{"rendered":"","protected":false},"excerpt":{"rendered":"<p>\u0130ste\u011fe g\u00f6re \u0131zgara veya f\u0131r\u0131nda pi\u015firilmi\u015f taze \u00e7upra bal\u0131\u011f\u0131<\/p>\n","protected":false},"featured_media":264,"template":"","meta":{"hide_page_title":"","_coblocks_attr":"","_coblocks_dimensions":"","_coblocks_responsive_height":"","_coblocks_accordion_ie_support":""},"product_cat":[6],"product_tag":[],"_links":{"self":[{"href":"https:\/\/www.aciktimizgara.com\/tr\/wp-json\/wp\/v2\/product\/245"}],"collection":[{"href":"https:\/\/www.aciktimizgara.com\/tr\/wp-json\/wp\/v2\/product"}],"about":[{"href":"https:\/\/www.aciktimizgara.com\/tr\/wp-json\/wp\/v2\/types\/product"}],"wp:featuredmedia":[{"embeddable":true,"href":"https:\/\/www.aciktimizgara.com\/tr\/wp-json\/wp\/v2\/media\/264"}],"wp:attachment":[{"href":"https:\/\/www.aciktimizgara.com\/tr\/wp-json\/wp\/v2\/media?parent=245"}],"wp:term":[{"taxonomy":"product_cat","embeddable":true,"href":"https:\/\/www.aciktimizgara.com\/tr\/wp-json\/wp\/v2\/product_cat?post=245"},{"taxonomy":"product_tag","embeddable":true,"href":"https:\/\/www.aciktimizgara.com\/tr\/wp-json\/wp\/v2\/product_tag?post=245"}],"curies":[{"name":"wp","href":"https:\/\/api.w.org\/{rel}","templated":true}]}}