{"id":246,"date":"2023-03-23T04:05:59","date_gmt":"2023-03-23T04:05:59","guid":{"rendered":"http:\/\/www.aciktimizgara.com\/tr\/?post_type=product&#038;p=246"},"modified":"2026-03-15T14:47:37","modified_gmt":"2026-03-15T14:47:37","slug":"izgara-firin-levrek","status":"publish","type":"product","link":"https:\/\/www.aciktimizgara.com\/tr\/product\/izgara-firin-levrek\/","title":{"rendered":"Izgara \/ F\u0131r\u0131n Levrek (Grilled seabass)"},"content":{"rendered":"","protected":false},"excerpt":{"rendered":"<p>Izgarada veya f\u0131r\u0131nda pi\u015firilmi\u015f taze levrek bal\u0131\u011f\u0131<\/p>\n","protected":false},"featured_media":267,"template":"","meta":{"hide_page_title":"","_coblocks_attr":"","_coblocks_dimensions":"","_coblocks_responsive_height":"","_coblocks_accordion_ie_support":""},"product_cat":[6],"product_tag":[],"_links":{"self":[{"href":"https:\/\/www.aciktimizgara.com\/tr\/wp-json\/wp\/v2\/product\/246"}],"collection":[{"href":"https:\/\/www.aciktimizgara.com\/tr\/wp-json\/wp\/v2\/product"}],"about":[{"href":"https:\/\/www.aciktimizgara.com\/tr\/wp-json\/wp\/v2\/types\/product"}],"wp:featuredmedia":[{"embeddable":true,"href":"https:\/\/www.aciktimizgara.com\/tr\/wp-json\/wp\/v2\/media\/267"}],"wp:attachment":[{"href":"https:\/\/www.aciktimizgara.com\/tr\/wp-json\/wp\/v2\/media?parent=246"}],"wp:term":[{"taxonomy":"product_cat","embeddable":true,"href":"https:\/\/www.aciktimizgara.com\/tr\/wp-json\/wp\/v2\/product_cat?post=246"},{"taxonomy":"product_tag","embeddable":true,"href":"https:\/\/www.aciktimizgara.com\/tr\/wp-json\/wp\/v2\/product_tag?post=246"}],"curies":[{"name":"wp","href":"https:\/\/api.w.org\/{rel}","templated":true}]}}