{"id":250,"date":"2023-03-23T04:10:17","date_gmt":"2023-03-23T04:10:17","guid":{"rendered":"http:\/\/www.aciktimizgara.com\/tr\/?post_type=product&#038;p=250"},"modified":"2026-03-15T14:46:27","modified_gmt":"2026-03-15T14:46:27","slug":"kalkan-trio-izgara-1-2-izgara-kofte-1-2-sis-kofte-1-2-tavuk-sis","status":"publish","type":"product","link":"https:\/\/www.aciktimizgara.com\/tr\/product\/kalkan-trio-izgara-1-2-izgara-kofte-1-2-sis-kofte-1-2-tavuk-sis\/","title":{"rendered":"Kalkan Trio Izgara (1\/2 Izgara K\u00f6fte, 1\/2 urfa kebap, 1\/2 Tavuk \u015ei\u015f)"},"content":{"rendered":"","protected":false},"excerpt":{"rendered":"<ul>\n<li>1\/2 Porsiyon \u0131zgara K\u00f6fte<\/li>\n<li>1\/2 Porsiyon \u015ei\u015f K\u00f6fte<\/li>\n<li>1\/2 Porsiyon Tavuk \u015ei\u015f<\/li>\n<\/ul>\n<p>pide, k\u00f6zlenmi\u015f domates, k\u00f6zlenmi\u015f biber, k\u00f6zlenmi\u015f so\u011fan, bulgur pilav\u0131 ve \u00f6zel domates sosu ile birlikte servis edilir.<\/p>\n","protected":false},"featured_media":272,"template":"","meta":{"hide_page_title":"","_coblocks_attr":"","_coblocks_dimensions":"","_coblocks_responsive_height":"","_coblocks_accordion_ie_support":""},"product_cat":[6],"product_tag":[],"_links":{"self":[{"href":"https:\/\/www.aciktimizgara.com\/tr\/wp-json\/wp\/v2\/product\/250"}],"collection":[{"href":"https:\/\/www.aciktimizgara.com\/tr\/wp-json\/wp\/v2\/product"}],"about":[{"href":"https:\/\/www.aciktimizgara.com\/tr\/wp-json\/wp\/v2\/types\/product"}],"wp:featuredmedia":[{"embeddable":true,"href":"https:\/\/www.aciktimizgara.com\/tr\/wp-json\/wp\/v2\/media\/272"}],"wp:attachment":[{"href":"https:\/\/www.aciktimizgara.com\/tr\/wp-json\/wp\/v2\/media?parent=250"}],"wp:term":[{"taxonomy":"product_cat","embeddable":true,"href":"https:\/\/www.aciktimizgara.com\/tr\/wp-json\/wp\/v2\/product_cat?post=250"},{"taxonomy":"product_tag","embeddable":true,"href":"https:\/\/www.aciktimizgara.com\/tr\/wp-json\/wp\/v2\/product_tag?post=250"}],"curies":[{"name":"wp","href":"https:\/\/api.w.org\/{rel}","templated":true}]}}