{"id":251,"date":"2023-03-23T04:11:54","date_gmt":"2023-03-23T04:11:54","guid":{"rendered":"http:\/\/www.aciktimizgara.com\/tr\/?post_type=product&#038;p=251"},"modified":"2026-03-15T14:46:12","modified_gmt":"2026-03-15T14:46:12","slug":"kalamaki-spesiyal-1-2-izgara-kofte-1-2-sis-kofte-1-2-tavuk-sis-1-2-tavuk-izgara","status":"publish","type":"product","link":"https:\/\/www.aciktimizgara.com\/tr\/product\/kalamaki-spesiyal-1-2-izgara-kofte-1-2-sis-kofte-1-2-tavuk-sis-1-2-tavuk-izgara\/","title":{"rendered":"Kalamaki Spesiyal (1\/2 Izgara K\u00f6fte, 1\/2 Kuzu \u015fi\u015f, 1\/2 Tavuk \u015ei\u015f, 1\/2 kasap sucuk \u0131zgara)"},"content":{"rendered":"","protected":false},"excerpt":{"rendered":"<p>Kar\u0131\u015f\u0131k \u0131zgaram\u0131z, pide, k\u00f6zlenmi\u015f domates, k\u00f6zlenmi\u015f biber, k\u00f6zlenmi\u015f so\u011fan, bulgur pilav\u0131 ve \u00f6zel domates sosu ile birlikte servis edilir.<\/p>\n","protected":false},"featured_media":271,"template":"","meta":{"hide_page_title":"","_coblocks_attr":"","_coblocks_dimensions":"","_coblocks_responsive_height":"","_coblocks_accordion_ie_support":""},"product_cat":[6],"product_tag":[],"_links":{"self":[{"href":"https:\/\/www.aciktimizgara.com\/tr\/wp-json\/wp\/v2\/product\/251"}],"collection":[{"href":"https:\/\/www.aciktimizgara.com\/tr\/wp-json\/wp\/v2\/product"}],"about":[{"href":"https:\/\/www.aciktimizgara.com\/tr\/wp-json\/wp\/v2\/types\/product"}],"wp:featuredmedia":[{"embeddable":true,"href":"https:\/\/www.aciktimizgara.com\/tr\/wp-json\/wp\/v2\/media\/271"}],"wp:attachment":[{"href":"https:\/\/www.aciktimizgara.com\/tr\/wp-json\/wp\/v2\/media?parent=251"}],"wp:term":[{"taxonomy":"product_cat","embeddable":true,"href":"https:\/\/www.aciktimizgara.com\/tr\/wp-json\/wp\/v2\/product_cat?post=251"},{"taxonomy":"product_tag","embeddable":true,"href":"https:\/\/www.aciktimizgara.com\/tr\/wp-json\/wp\/v2\/product_tag?post=251"}],"curies":[{"name":"wp","href":"https:\/\/api.w.org\/{rel}","templated":true}]}}