{"id":252,"date":"2023-03-23T04:12:22","date_gmt":"2023-03-23T04:12:22","guid":{"rendered":"http:\/\/www.aciktimizgara.com\/tr\/?post_type=product&#038;p=252"},"modified":"2026-03-15T14:45:50","modified_gmt":"2026-03-15T14:45:50","slug":"izgara-kofte","status":"publish","type":"product","link":"https:\/\/www.aciktimizgara.com\/tr\/product\/izgara-kofte\/","title":{"rendered":"Izgara K\u00f6fte (Grilled Meatballs)"},"content":{"rendered":"","protected":false},"excerpt":{"rendered":"<p>Dana ve kuzu etinden haz\u0131rlanm\u0131\u015f k\u00f6fteler, pide, k\u00f6zlenmi\u015f domates, k\u00f6zlenmi\u015f biber, k\u00f6zlenmi\u015f so\u011fan, bulgur pilav\u0131 ve \u00f6zel domates sosu ile birlikte servis edilir.<\/p>\n","protected":false},"featured_media":262,"template":"","meta":{"hide_page_title":"","_coblocks_attr":"","_coblocks_dimensions":"","_coblocks_responsive_height":"","_coblocks_accordion_ie_support":""},"product_cat":[6],"product_tag":[],"_links":{"self":[{"href":"https:\/\/www.aciktimizgara.com\/tr\/wp-json\/wp\/v2\/product\/252"}],"collection":[{"href":"https:\/\/www.aciktimizgara.com\/tr\/wp-json\/wp\/v2\/product"}],"about":[{"href":"https:\/\/www.aciktimizgara.com\/tr\/wp-json\/wp\/v2\/types\/product"}],"wp:featuredmedia":[{"embeddable":true,"href":"https:\/\/www.aciktimizgara.com\/tr\/wp-json\/wp\/v2\/media\/262"}],"wp:attachment":[{"href":"https:\/\/www.aciktimizgara.com\/tr\/wp-json\/wp\/v2\/media?parent=252"}],"wp:term":[{"taxonomy":"product_cat","embeddable":true,"href":"https:\/\/www.aciktimizgara.com\/tr\/wp-json\/wp\/v2\/product_cat?post=252"},{"taxonomy":"product_tag","embeddable":true,"href":"https:\/\/www.aciktimizgara.com\/tr\/wp-json\/wp\/v2\/product_tag?post=252"}],"curies":[{"name":"wp","href":"https:\/\/api.w.org\/{rel}","templated":true}]}}