{"id":254,"date":"2023-03-23T04:13:46","date_gmt":"2023-03-23T04:13:46","guid":{"rendered":"http:\/\/www.aciktimizgara.com\/tr\/?post_type=product&#038;p=254"},"modified":"2026-03-15T14:44:24","modified_gmt":"2026-03-15T14:44:24","slug":"karisik-kofte-1-2-izgara-kofte-1-2-sis-kofte","status":"publish","type":"product","link":"https:\/\/www.aciktimizgara.com\/tr\/product\/karisik-kofte-1-2-izgara-kofte-1-2-sis-kofte\/","title":{"rendered":"Kar\u0131\u015f\u0131k K\u00f6fte (1\/2 Izgara K\u00f6fte + 1\/2 \u015ei\u015f K\u00f6fte) (Mixed Meatballs)"},"content":{"rendered":"","protected":false},"excerpt":{"rendered":"<p>Dana ve kuzu etinden k\u00f6ftelerimiz,\u00a0 pide, k\u00f6zlenmi\u015f domates, k\u00f6zlenmi\u015f biber, k\u00f6zlenmi\u015f so\u011fan, bulgur pilav\u0131 ve \u00f6zel domates sosu ile birlikte servis edilir.<\/p>\n","protected":false},"featured_media":278,"template":"","meta":{"hide_page_title":"","_coblocks_attr":"","_coblocks_dimensions":"","_coblocks_responsive_height":"","_coblocks_accordion_ie_support":""},"product_cat":[6],"product_tag":[],"_links":{"self":[{"href":"https:\/\/www.aciktimizgara.com\/tr\/wp-json\/wp\/v2\/product\/254"}],"collection":[{"href":"https:\/\/www.aciktimizgara.com\/tr\/wp-json\/wp\/v2\/product"}],"about":[{"href":"https:\/\/www.aciktimizgara.com\/tr\/wp-json\/wp\/v2\/types\/product"}],"wp:featuredmedia":[{"embeddable":true,"href":"https:\/\/www.aciktimizgara.com\/tr\/wp-json\/wp\/v2\/media\/278"}],"wp:attachment":[{"href":"https:\/\/www.aciktimizgara.com\/tr\/wp-json\/wp\/v2\/media?parent=254"}],"wp:term":[{"taxonomy":"product_cat","embeddable":true,"href":"https:\/\/www.aciktimizgara.com\/tr\/wp-json\/wp\/v2\/product_cat?post=254"},{"taxonomy":"product_tag","embeddable":true,"href":"https:\/\/www.aciktimizgara.com\/tr\/wp-json\/wp\/v2\/product_tag?post=254"}],"curies":[{"name":"wp","href":"https:\/\/api.w.org\/{rel}","templated":true}]}}