{"id":256,"date":"2023-03-23T04:15:16","date_gmt":"2023-03-23T04:15:16","guid":{"rendered":"http:\/\/www.aciktimizgara.com\/tr\/?post_type=product&#038;p=256"},"modified":"2025-10-31T15:19:20","modified_gmt":"2025-10-31T15:19:20","slug":"mantarli-kremali-bonfile","status":"publish","type":"product","link":"https:\/\/www.aciktimizgara.com\/tr\/product\/mantarli-kremali-bonfile\/","title":{"rendered":"Mantarl\u0131 Kremal\u0131 Bonfile (Mushroom Cream Steak)"},"content":{"rendered":"","protected":false},"excerpt":{"rendered":"<p>\u00d6zel olarak haz\u0131rlanm\u0131\u015f mantarl\u0131 ve kremal\u0131 bonfile eti.<\/p>\n","protected":false},"featured_media":259,"template":"","meta":{"hide_page_title":"","_coblocks_attr":"","_coblocks_dimensions":"","_coblocks_responsive_height":"","_coblocks_accordion_ie_support":""},"product_cat":[6],"product_tag":[],"_links":{"self":[{"href":"https:\/\/www.aciktimizgara.com\/tr\/wp-json\/wp\/v2\/product\/256"}],"collection":[{"href":"https:\/\/www.aciktimizgara.com\/tr\/wp-json\/wp\/v2\/product"}],"about":[{"href":"https:\/\/www.aciktimizgara.com\/tr\/wp-json\/wp\/v2\/types\/product"}],"wp:featuredmedia":[{"embeddable":true,"href":"https:\/\/www.aciktimizgara.com\/tr\/wp-json\/wp\/v2\/media\/259"}],"wp:attachment":[{"href":"https:\/\/www.aciktimizgara.com\/tr\/wp-json\/wp\/v2\/media?parent=256"}],"wp:term":[{"taxonomy":"product_cat","embeddable":true,"href":"https:\/\/www.aciktimizgara.com\/tr\/wp-json\/wp\/v2\/product_cat?post=256"},{"taxonomy":"product_tag","embeddable":true,"href":"https:\/\/www.aciktimizgara.com\/tr\/wp-json\/wp\/v2\/product_tag?post=256"}],"curies":[{"name":"wp","href":"https:\/\/api.w.org\/{rel}","templated":true}]}}