{"id":257,"date":"2023-03-23T04:16:00","date_gmt":"2023-03-23T04:16:00","guid":{"rendered":"http:\/\/www.aciktimizgara.com\/tr\/?post_type=product&#038;p=257"},"modified":"2025-10-31T15:19:07","modified_gmt":"2025-10-31T15:19:07","slug":"aci-soslu-bonfile","status":"publish","type":"product","link":"https:\/\/www.aciktimizgara.com\/tr\/product\/aci-soslu-bonfile\/","title":{"rendered":"Ac\u0131 Soslu Bonfile (Chili Sauce Steak)"},"content":{"rendered":"","protected":false},"excerpt":{"rendered":"<p>Ac\u0131 soslu \u00f6zel bonfile eti<\/p>\n","protected":false},"featured_media":258,"template":"","meta":{"hide_page_title":"","_coblocks_attr":"","_coblocks_dimensions":"","_coblocks_responsive_height":"","_coblocks_accordion_ie_support":""},"product_cat":[6],"product_tag":[],"_links":{"self":[{"href":"https:\/\/www.aciktimizgara.com\/tr\/wp-json\/wp\/v2\/product\/257"}],"collection":[{"href":"https:\/\/www.aciktimizgara.com\/tr\/wp-json\/wp\/v2\/product"}],"about":[{"href":"https:\/\/www.aciktimizgara.com\/tr\/wp-json\/wp\/v2\/types\/product"}],"wp:featuredmedia":[{"embeddable":true,"href":"https:\/\/www.aciktimizgara.com\/tr\/wp-json\/wp\/v2\/media\/258"}],"wp:attachment":[{"href":"https:\/\/www.aciktimizgara.com\/tr\/wp-json\/wp\/v2\/media?parent=257"}],"wp:term":[{"taxonomy":"product_cat","embeddable":true,"href":"https:\/\/www.aciktimizgara.com\/tr\/wp-json\/wp\/v2\/product_cat?post=257"},{"taxonomy":"product_tag","embeddable":true,"href":"https:\/\/www.aciktimizgara.com\/tr\/wp-json\/wp\/v2\/product_tag?post=257"}],"curies":[{"name":"wp","href":"https:\/\/api.w.org\/{rel}","templated":true}]}}