{"id":310,"date":"2023-03-23T11:05:08","date_gmt":"2023-03-23T11:05:08","guid":{"rendered":"http:\/\/www.aciktimizgara.com\/tr\/?post_type=product&#038;p=310"},"modified":"2026-03-15T14:43:51","modified_gmt":"2026-03-15T14:43:51","slug":"deniz-urunleri-pizza","status":"publish","type":"product","link":"https:\/\/www.aciktimizgara.com\/tr\/product\/deniz-urunleri-pizza\/","title":{"rendered":"Deniz \u00dcr\u00fcnleri Pizza (Seafood pizza)"},"content":{"rendered":"","protected":false},"excerpt":{"rendered":"<p>Karider, Ton Bal\u0131\u011f\u0131, Domates, Biber, So\u011fan, M\u0131s\u0131r<\/p>\n","protected":false},"featured_media":326,"template":"","meta":{"hide_page_title":"","_coblocks_attr":"","_coblocks_dimensions":"","_coblocks_responsive_height":"","_coblocks_accordion_ie_support":""},"product_cat":[11],"product_tag":[],"_links":{"self":[{"href":"https:\/\/www.aciktimizgara.com\/tr\/wp-json\/wp\/v2\/product\/310"}],"collection":[{"href":"https:\/\/www.aciktimizgara.com\/tr\/wp-json\/wp\/v2\/product"}],"about":[{"href":"https:\/\/www.aciktimizgara.com\/tr\/wp-json\/wp\/v2\/types\/product"}],"wp:featuredmedia":[{"embeddable":true,"href":"https:\/\/www.aciktimizgara.com\/tr\/wp-json\/wp\/v2\/media\/326"}],"wp:attachment":[{"href":"https:\/\/www.aciktimizgara.com\/tr\/wp-json\/wp\/v2\/media?parent=310"}],"wp:term":[{"taxonomy":"product_cat","embeddable":true,"href":"https:\/\/www.aciktimizgara.com\/tr\/wp-json\/wp\/v2\/product_cat?post=310"},{"taxonomy":"product_tag","embeddable":true,"href":"https:\/\/www.aciktimizgara.com\/tr\/wp-json\/wp\/v2\/product_tag?post=310"}],"curies":[{"name":"wp","href":"https:\/\/api.w.org\/{rel}","templated":true}]}}