{"id":316,"date":"2023-03-23T11:13:36","date_gmt":"2023-03-23T11:13:36","guid":{"rendered":"http:\/\/www.aciktimizgara.com\/tr\/?post_type=product&#038;p=316"},"modified":"2026-03-15T14:42:02","modified_gmt":"2026-03-15T14:42:02","slug":"karisik-izgara-1-kisilik","status":"publish","type":"product","link":"https:\/\/www.aciktimizgara.com\/tr\/product\/karisik-izgara-1-kisilik\/","title":{"rendered":"Kar\u0131\u015f\u0131k Izgara (1 Ki\u015filik) (mix grill 1 person)"},"content":{"rendered":"","protected":false},"excerpt":{"rendered":"<p>1\/2 Porsiyon Izgara K\u00f6fte, 1\/2 Porsiyon Adana Kebap, 1\/2 Porsiyon Tavuk \u015ei\u015f, 1\/2 Porsiyon Kuzu \u015ei\u015f<\/p>\n","protected":false},"featured_media":320,"template":"","meta":{"hide_page_title":"","_coblocks_attr":"","_coblocks_dimensions":"","_coblocks_responsive_height":"","_coblocks_accordion_ie_support":""},"product_cat":[6],"product_tag":[],"_links":{"self":[{"href":"https:\/\/www.aciktimizgara.com\/tr\/wp-json\/wp\/v2\/product\/316"}],"collection":[{"href":"https:\/\/www.aciktimizgara.com\/tr\/wp-json\/wp\/v2\/product"}],"about":[{"href":"https:\/\/www.aciktimizgara.com\/tr\/wp-json\/wp\/v2\/types\/product"}],"wp:featuredmedia":[{"embeddable":true,"href":"https:\/\/www.aciktimizgara.com\/tr\/wp-json\/wp\/v2\/media\/320"}],"wp:attachment":[{"href":"https:\/\/www.aciktimizgara.com\/tr\/wp-json\/wp\/v2\/media?parent=316"}],"wp:term":[{"taxonomy":"product_cat","embeddable":true,"href":"https:\/\/www.aciktimizgara.com\/tr\/wp-json\/wp\/v2\/product_cat?post=316"},{"taxonomy":"product_tag","embeddable":true,"href":"https:\/\/www.aciktimizgara.com\/tr\/wp-json\/wp\/v2\/product_tag?post=316"}],"curies":[{"name":"wp","href":"https:\/\/api.w.org\/{rel}","templated":true}]}}