{"id":340,"date":"2025-04-16T20:31:18","date_gmt":"2025-04-16T20:31:18","guid":{"rendered":"https:\/\/www.aciktimizgara.com\/tr\/?post_type=product&#038;p=340"},"modified":"2026-03-15T14:40:03","modified_gmt":"2026-03-15T14:40:03","slug":"yoresel-van-kahvaltisi-2-kisilik","status":"publish","type":"product","link":"https:\/\/www.aciktimizgara.com\/tr\/product\/yoresel-van-kahvaltisi-2-kisilik\/","title":{"rendered":"Y\u00f6resel van kahvalt\u0131s\u0131 2 ki\u015filik"},"content":{"rendered":"<p>25 \u00e7e\u015fit van kahvalt\u0131s\u0131<\/p>\n","protected":false},"excerpt":{"rendered":"<p>25 \u00e7e\u015fit van kahvalt\u0131s\u0131<\/p>\n","protected":false},"featured_media":102,"template":"","meta":{"hide_page_title":"","_coblocks_attr":"","_coblocks_dimensions":"","_coblocks_responsive_height":"","_coblocks_accordion_ie_support":""},"product_cat":[2],"product_tag":[],"_links":{"self":[{"href":"https:\/\/www.aciktimizgara.com\/tr\/wp-json\/wp\/v2\/product\/340"}],"collection":[{"href":"https:\/\/www.aciktimizgara.com\/tr\/wp-json\/wp\/v2\/product"}],"about":[{"href":"https:\/\/www.aciktimizgara.com\/tr\/wp-json\/wp\/v2\/types\/product"}],"wp:featuredmedia":[{"embeddable":true,"href":"https:\/\/www.aciktimizgara.com\/tr\/wp-json\/wp\/v2\/media\/102"}],"wp:attachment":[{"href":"https:\/\/www.aciktimizgara.com\/tr\/wp-json\/wp\/v2\/media?parent=340"}],"wp:term":[{"taxonomy":"product_cat","embeddable":true,"href":"https:\/\/www.aciktimizgara.com\/tr\/wp-json\/wp\/v2\/product_cat?post=340"},{"taxonomy":"product_tag","embeddable":true,"href":"https:\/\/www.aciktimizgara.com\/tr\/wp-json\/wp\/v2\/product_tag?post=340"}],"curies":[{"name":"wp","href":"https:\/\/api.w.org\/{rel}","templated":true}]}}