{"id":86,"date":"2023-03-17T13:24:46","date_gmt":"2023-03-17T13:24:46","guid":{"rendered":"http:\/\/www.aciktimizgara.com\/tr\/?post_type=product&#038;p=86"},"modified":"2025-10-31T15:41:00","modified_gmt":"2025-10-31T15:41:00","slug":"kahvalti-tabagi","status":"publish","type":"product","link":"https:\/\/www.aciktimizgara.com\/tr\/product\/kahvalti-tabagi\/","title":{"rendered":"Kahvalt\u0131 Taba\u011f\u0131 (Breakfast Plate)"},"content":{"rendered":"","protected":false},"excerpt":{"rendered":"<p>Beyaz peynir, kas\u0327ar peyniri, tereyag\u0306, bal, rec\u0327el, ceviz, salam, siyah ve yes\u0327il zeytin,yumurta, domates, salatal\u0131k<\/p>\n","protected":false},"featured_media":87,"template":"","meta":{"hide_page_title":"","_coblocks_attr":"","_coblocks_dimensions":"","_coblocks_responsive_height":"","_coblocks_accordion_ie_support":""},"product_cat":[2],"product_tag":[],"_links":{"self":[{"href":"https:\/\/www.aciktimizgara.com\/tr\/wp-json\/wp\/v2\/product\/86"}],"collection":[{"href":"https:\/\/www.aciktimizgara.com\/tr\/wp-json\/wp\/v2\/product"}],"about":[{"href":"https:\/\/www.aciktimizgara.com\/tr\/wp-json\/wp\/v2\/types\/product"}],"wp:featuredmedia":[{"embeddable":true,"href":"https:\/\/www.aciktimizgara.com\/tr\/wp-json\/wp\/v2\/media\/87"}],"wp:attachment":[{"href":"https:\/\/www.aciktimizgara.com\/tr\/wp-json\/wp\/v2\/media?parent=86"}],"wp:term":[{"taxonomy":"product_cat","embeddable":true,"href":"https:\/\/www.aciktimizgara.com\/tr\/wp-json\/wp\/v2\/product_cat?post=86"},{"taxonomy":"product_tag","embeddable":true,"href":"https:\/\/www.aciktimizgara.com\/tr\/wp-json\/wp\/v2\/product_tag?post=86"}],"curies":[{"name":"wp","href":"https:\/\/api.w.org\/{rel}","templated":true}]}}